{"id":1962,"date":"2026-01-28T13:18:47","date_gmt":"2026-01-28T13:18:47","guid":{"rendered":"https:\/\/www.playpadel1.com\/?page_id=1962"},"modified":"2026-02-07T18:11:18","modified_gmt":"2026-02-07T18:11:18","slug":"ochrana-osobnich-udaju-gdpr","status":"publish","type":"page","link":"https:\/\/www.playpadel1.com\/en\/ochrana-osobnich-udaju-gdpr\/","title":{"rendered":"GDPR Personal Data Protection"},"content":{"rendered":"<h2 class=\"wp-block-heading\">I<strong>nformace o zpracov\u00e1n\u00ed osobn\u00edch \u00fadaj\u016f<\/strong><\/h2>\n\n\n\n<p>P\u0159i na\u0161\u00ed \u010dinnosti zpracov\u00e1v\u00e1me va\u0161e osobn\u00ed \u00fadaje v souladu s na\u0159\u00edzen\u00edm GDPR. N\u00ed\u017ee naleznete nejd\u016fle\u017eit\u011bj\u0161\u00ed informace o tom, jak s va\u0161imi \u00fadaji nakl\u00e1d\u00e1m.<\/p>\n\n\n\n<h2 class=\"wp-block-heading\"><strong>1. Spr\u00e1vce osobn\u00edch \u00fadaj\u016f<\/strong> <\/h2>\n\n\n\n<p>Spr\u00e1vcem webu playpadel1.com je Playpadel1, se s\u00eddlem Paseo de La Marina, Torre de banalgab\u00f3n 29738, Espa\u00f1a, e-mail: info@playpadel1.com<\/p>\n\n\n\n<h2 class=\"wp-block-heading\"><strong>2. Jak\u00e9 \u00fadaje zpracov\u00e1v\u00e1me?<\/strong> <\/h2>\n\n\n\n<p>Zpracov\u00e1v\u00e1m p\u0159edev\u0161\u00edm \u00fadaje, kter\u00e9 mi sami poskytnete prost\u0159ednictv\u00edm e-mailu, WhatsAppu nebo soci\u00e1ln\u00edch s\u00edt\u00ed (jm\u00e9no, p\u0159\u00edjmen\u00ed, e-mail, telefon) za \u00fa\u010delem vy\u0159\u00edzen\u00ed va\u0161\u00ed popt\u00e1vky na padelov\u00e9 kempy.<\/p>\n\n\n\n<h2 class=\"wp-block-heading\"><strong>3. Pro\u010d \u00fadaje zpracov\u00e1v\u00e1me?<\/strong><\/h2>\n\n\n\n<ul class=\"wp-block-list\">\n<li>Pro vy\u0159\u00edzen\u00ed va\u0161ich dotaz\u016f a <a href=\"https:\/\/www.playpadel1.com\/en\/soustredeni-zajezdy-a-padelove-pobyty-ve-spanelsku-kempy\/\">rezervac\u00ed kemp\u016f.<\/a><\/li>\n\n\n\n<li>Pro zas\u00edl\u00e1n\u00ed informac\u00ed o term\u00ednech (pokud o to po\u017e\u00e1d\u00e1te).<\/li>\n\n\n\n<li>Z d\u016fvodu pln\u011bn\u00ed z\u00e1konn\u00fdch povinnost\u00ed (fakturace).<\/li>\n<\/ul>\n\n\n\n<h2 class=\"wp-block-heading\"><strong>4. Kdo dal\u0161\u00ed m\u00e1 k \u00fadaj\u016fm p\u0159\u00edstup?<\/strong> <\/h2>\n\n\n\n<p>Va\u0161e \u00fadaje jsou u n\u00e1s v bezpe\u010d\u00ed. K jejich zpracov\u00e1n\u00ed vyu\u017e\u00edv\u00e1m prov\u011b\u0159en\u00e9 n\u00e1stroje jako je webhosting. <\/p>\n\n\n\n<h2 class=\"wp-block-heading\"><strong>5. Va\u0161e pr\u00e1va<\/strong><\/h2>\n\n\n\n<p>M\u00e1te pr\u00e1vo kdykoliv m\u011b po\u017e\u00e1dat o informaci, jak\u00e9 \u00fadaje o v\u00e1s uchov\u00e1v\u00e1m, o jejich opravu nebo smaz\u00e1n\u00ed. Sta\u010d\u00ed napsat na v\u00fd\u0161e uveden\u00fd <a href=\"\/en\/info@playpadel1.com\/\" type=\"link\" id=\"info@playpadel1.com\">e-mail<\/a>.<\/p>\n\n\n\n<hr class=\"wp-block-separator has-alpha-channel-opacity\"\/>\n\n\n\n<p><\/p>","protected":false},"excerpt":{"rendered":"Informace o zpracov\u00e1n\u00ed osobn\u00edch \u00fadaj\u016f P\u0159i na\u0161\u00ed \u010dinnosti zpracov\u00e1v\u00e1me va\u0161e osobn\u00ed \u00fadaje v souladu s na\u0159\u00edzen\u00edm GDPR. N\u00ed\u017ee naleznete nejd\u016fle\u017eit\u011bj\u0161\u00ed informace o tom, \n<a class=\"moretag\" href=\"https:\/\/www.playpadel1.com\/en\/ochrana-osobnich-udaju-gdpr\/\"> <\/a>","protected":false},"author":3,"featured_media":0,"parent":0,"menu_order":0,"comment_status":"closed","ping_status":"closed","template":"","meta":{"footnotes":""},"class_list":["post-1962","page","type-page","status-publish","hentry"],"yoast_head":"<!-- This site is optimized with the Yoast SEO plugin v27.4 - https:\/\/yoast.com\/product\/yoast-seo-wordpress\/ -->\n<title>Ochrana osobn\u00edch \u00fadaj\u016f GDPR - PLAYPADEL1<\/title>\n<meta name=\"description\" content=\"Informace o zpracov\u00e1n\u00ed osobn\u00edch \u00fadaj\u016f pro \u00fa\u010dastn\u00edky padelov\u00fdch kemp\u016f a tren\u00e9rsk\u00fdch kurz\u016f Playpadel1 v souladu s GDPR.\" \/>\n<meta name=\"robots\" content=\"index, follow, max-snippet:-1, max-image-preview:large, max-video-preview:-1\" \/>\n<link rel=\"canonical\" href=\"https:\/\/www.playpadel1.com\/en\/ochrana-osobnich-udaju-gdpr\/\" \/>\n<meta property=\"og:locale\" content=\"en_GB\" \/>\n<meta property=\"og:type\" content=\"article\" \/>\n<meta property=\"og:title\" content=\"Ochrana osobn\u00edch \u00fadaj\u016f GDPR - PLAYPADEL1\" \/>\n<meta property=\"og:description\" content=\"Informace o zpracov\u00e1n\u00ed osobn\u00edch \u00fadaj\u016f pro \u00fa\u010dastn\u00edky padelov\u00fdch kemp\u016f a tren\u00e9rsk\u00fdch kurz\u016f Playpadel1 v souladu s GDPR.\" \/>\n<meta property=\"og:url\" content=\"https:\/\/www.playpadel1.com\/en\/ochrana-osobnich-udaju-gdpr\/\" \/>\n<meta property=\"og:site_name\" content=\"PLAYPADEL1\" \/>\n<meta property=\"article:publisher\" content=\"https:\/\/www.facebook.com\/Playpadel1\/\" \/>\n<meta property=\"article:modified_time\" content=\"2026-02-07T18:11:18+00:00\" \/>\n<meta name=\"twitter:card\" content=\"summary_large_image\" \/>\n<meta name=\"twitter:label1\" content=\"Estimated reading time\" \/>\n\t<meta name=\"twitter:data1\" content=\"1 minute\" \/>\n<script type=\"application\/ld+json\" class=\"yoast-schema-graph\">{\"@context\":\"https:\\\/\\\/schema.org\",\"@graph\":[{\"@type\":\"WebPage\",\"@id\":\"https:\\\/\\\/www.playpadel1.com\\\/ochrana-osobnich-udaju-gdpr\\\/\",\"url\":\"https:\\\/\\\/www.playpadel1.com\\\/ochrana-osobnich-udaju-gdpr\\\/\",\"name\":\"Ochrana osobn\u00edch \u00fadaj\u016f GDPR - PLAYPADEL1\",\"isPartOf\":{\"@id\":\"https:\\\/\\\/www.playpadel1.com\\\/#website\"},\"datePublished\":\"2026-01-28T13:18:47+00:00\",\"dateModified\":\"2026-02-07T18:11:18+00:00\",\"description\":\"Informace o zpracov\u00e1n\u00ed osobn\u00edch \u00fadaj\u016f pro \u00fa\u010dastn\u00edky padelov\u00fdch kemp\u016f a tren\u00e9rsk\u00fdch kurz\u016f Playpadel1 v souladu s GDPR.\",\"breadcrumb\":{\"@id\":\"https:\\\/\\\/www.playpadel1.com\\\/ochrana-osobnich-udaju-gdpr\\\/#breadcrumb\"},\"inLanguage\":\"en-GB\",\"potentialAction\":[{\"@type\":\"ReadAction\",\"target\":[\"https:\\\/\\\/www.playpadel1.com\\\/ochrana-osobnich-udaju-gdpr\\\/\"]}]},{\"@type\":\"BreadcrumbList\",\"@id\":\"https:\\\/\\\/www.playpadel1.com\\\/ochrana-osobnich-udaju-gdpr\\\/#breadcrumb\",\"itemListElement\":[{\"@type\":\"ListItem\",\"position\":1,\"name\":\"Home\",\"item\":\"https:\\\/\\\/www.playpadel1.com\\\/\"},{\"@type\":\"ListItem\",\"position\":2,\"name\":\"Ochrana osobn\u00edch \u00fadaj\u016f GDPR\"}]},{\"@type\":\"WebSite\",\"@id\":\"https:\\\/\\\/www.playpadel1.com\\\/#website\",\"url\":\"https:\\\/\\\/www.playpadel1.com\\\/\",\"name\":\"PLAYPADEL1\",\"description\":\"Padelov\u00e1 Akademie, padel academy, padelov\u00e1 \u0161kola, escuela de padel, padel shule\",\"publisher\":{\"@id\":\"https:\\\/\\\/www.playpadel1.com\\\/#organization\"},\"potentialAction\":[{\"@type\":\"SearchAction\",\"target\":{\"@type\":\"EntryPoint\",\"urlTemplate\":\"https:\\\/\\\/www.playpadel1.com\\\/?s={search_term_string}\"},\"query-input\":{\"@type\":\"PropertyValueSpecification\",\"valueRequired\":true,\"valueName\":\"search_term_string\"}}],\"inLanguage\":\"en-GB\"},{\"@type\":\"Organization\",\"@id\":\"https:\\\/\\\/www.playpadel1.com\\\/#organization\",\"name\":\"PLAYPADEL1\",\"url\":\"https:\\\/\\\/www.playpadel1.com\\\/\",\"logo\":{\"@type\":\"ImageObject\",\"inLanguage\":\"en-GB\",\"@id\":\"https:\\\/\\\/www.playpadel1.com\\\/#\\\/schema\\\/logo\\\/image\\\/\",\"url\":\"https:\\\/\\\/www.playpadel1.com\\\/wp-content\\\/uploads\\\/2020\\\/02\\\/playpadel1-1-e1582124860101.png\",\"contentUrl\":\"https:\\\/\\\/www.playpadel1.com\\\/wp-content\\\/uploads\\\/2020\\\/02\\\/playpadel1-1-e1582124860101.png\",\"width\":320,\"height\":120,\"caption\":\"PLAYPADEL1\"},\"image\":{\"@id\":\"https:\\\/\\\/www.playpadel1.com\\\/#\\\/schema\\\/logo\\\/image\\\/\"},\"sameAs\":[\"https:\\\/\\\/www.facebook.com\\\/Playpadel1\\\/\",\"https:\\\/\\\/www.instagram.com\\\/playpadel1\\\/\"]}]}<\/script>\n<!-- \/ Yoast SEO plugin. -->","yoast_head_json":{"title":"Ochrana osobn\u00edch \u00fadaj\u016f GDPR - PLAYPADEL1","description":"Informace o zpracov\u00e1n\u00ed osobn\u00edch \u00fadaj\u016f pro \u00fa\u010dastn\u00edky padelov\u00fdch kemp\u016f a tren\u00e9rsk\u00fdch kurz\u016f Playpadel1 v souladu s GDPR.","robots":{"index":"index","follow":"follow","max-snippet":"max-snippet:-1","max-image-preview":"max-image-preview:large","max-video-preview":"max-video-preview:-1"},"canonical":"https:\/\/www.playpadel1.com\/en\/ochrana-osobnich-udaju-gdpr\/","og_locale":"en_GB","og_type":"article","og_title":"Ochrana osobn\u00edch \u00fadaj\u016f GDPR - PLAYPADEL1","og_description":"Informace o zpracov\u00e1n\u00ed osobn\u00edch \u00fadaj\u016f pro \u00fa\u010dastn\u00edky padelov\u00fdch kemp\u016f a tren\u00e9rsk\u00fdch kurz\u016f Playpadel1 v souladu s GDPR.","og_url":"https:\/\/www.playpadel1.com\/en\/ochrana-osobnich-udaju-gdpr\/","og_site_name":"PLAYPADEL1","article_publisher":"https:\/\/www.facebook.com\/Playpadel1\/","article_modified_time":"2026-02-07T18:11:18+00:00","twitter_card":"summary_large_image","twitter_misc":{"Estimated reading time":"1 minute"},"schema":{"@context":"https:\/\/schema.org","@graph":[{"@type":"WebPage","@id":"https:\/\/www.playpadel1.com\/ochrana-osobnich-udaju-gdpr\/","url":"https:\/\/www.playpadel1.com\/ochrana-osobnich-udaju-gdpr\/","name":"Ochrana osobn\u00edch \u00fadaj\u016f GDPR - PLAYPADEL1","isPartOf":{"@id":"https:\/\/www.playpadel1.com\/#website"},"datePublished":"2026-01-28T13:18:47+00:00","dateModified":"2026-02-07T18:11:18+00:00","description":"Informace o zpracov\u00e1n\u00ed osobn\u00edch \u00fadaj\u016f pro \u00fa\u010dastn\u00edky padelov\u00fdch kemp\u016f a tren\u00e9rsk\u00fdch kurz\u016f Playpadel1 v souladu s GDPR.","breadcrumb":{"@id":"https:\/\/www.playpadel1.com\/ochrana-osobnich-udaju-gdpr\/#breadcrumb"},"inLanguage":"en-GB","potentialAction":[{"@type":"ReadAction","target":["https:\/\/www.playpadel1.com\/ochrana-osobnich-udaju-gdpr\/"]}]},{"@type":"BreadcrumbList","@id":"https:\/\/www.playpadel1.com\/ochrana-osobnich-udaju-gdpr\/#breadcrumb","itemListElement":[{"@type":"ListItem","position":1,"name":"Home","item":"https:\/\/www.playpadel1.com\/"},{"@type":"ListItem","position":2,"name":"Ochrana osobn\u00edch \u00fadaj\u016f GDPR"}]},{"@type":"WebSite","@id":"https:\/\/www.playpadel1.com\/#website","url":"https:\/\/www.playpadel1.com\/","name":"PLAYPADEL1","description":"Padelov\u00e1 Akademie, padel academy, padelov\u00e1 \u0161kola, escuela de padel, padel shule","publisher":{"@id":"https:\/\/www.playpadel1.com\/#organization"},"potentialAction":[{"@type":"SearchAction","target":{"@type":"EntryPoint","urlTemplate":"https:\/\/www.playpadel1.com\/?s={search_term_string}"},"query-input":{"@type":"PropertyValueSpecification","valueRequired":true,"valueName":"search_term_string"}}],"inLanguage":"en-GB"},{"@type":"Organization","@id":"https:\/\/www.playpadel1.com\/#organization","name":"PLAYPADEL1","url":"https:\/\/www.playpadel1.com\/","logo":{"@type":"ImageObject","inLanguage":"en-GB","@id":"https:\/\/www.playpadel1.com\/#\/schema\/logo\/image\/","url":"https:\/\/www.playpadel1.com\/wp-content\/uploads\/2020\/02\/playpadel1-1-e1582124860101.png","contentUrl":"https:\/\/www.playpadel1.com\/wp-content\/uploads\/2020\/02\/playpadel1-1-e1582124860101.png","width":320,"height":120,"caption":"PLAYPADEL1"},"image":{"@id":"https:\/\/www.playpadel1.com\/#\/schema\/logo\/image\/"},"sameAs":["https:\/\/www.facebook.com\/Playpadel1\/","https:\/\/www.instagram.com\/playpadel1\/"]}]}},"_links":{"self":[{"href":"https:\/\/www.playpadel1.com\/en\/wp-json\/wp\/v2\/pages\/1962","targetHints":{"allow":["GET"]}}],"collection":[{"href":"https:\/\/www.playpadel1.com\/en\/wp-json\/wp\/v2\/pages"}],"about":[{"href":"https:\/\/www.playpadel1.com\/en\/wp-json\/wp\/v2\/types\/page"}],"author":[{"embeddable":true,"href":"https:\/\/www.playpadel1.com\/en\/wp-json\/wp\/v2\/users\/3"}],"replies":[{"embeddable":true,"href":"https:\/\/www.playpadel1.com\/en\/wp-json\/wp\/v2\/comments?post=1962"}],"version-history":[{"count":2,"href":"https:\/\/www.playpadel1.com\/en\/wp-json\/wp\/v2\/pages\/1962\/revisions"}],"predecessor-version":[{"id":2022,"href":"https:\/\/www.playpadel1.com\/en\/wp-json\/wp\/v2\/pages\/1962\/revisions\/2022"}],"wp:attachment":[{"href":"https:\/\/www.playpadel1.com\/en\/wp-json\/wp\/v2\/media?parent=1962"}],"curies":[{"name":"wp","href":"https:\/\/api.w.org\/{rel}","templated":true}]}}