{"id":1938,"date":"2026-01-31T19:51:08","date_gmt":"2026-01-31T19:51:08","guid":{"rendered":"https:\/\/www.playpadel1.com\/?page_id=1938"},"modified":"2026-03-22T11:43:47","modified_gmt":"2026-03-22T11:43:47","slug":"kurz-trener-padelu-licence-b","status":"publish","type":"page","link":"https:\/\/www.playpadel1.com\/en\/kurz-trener-padelu-licence-b\/","title":{"rendered":"Tren\u00e9r padelu \u2013 Licence B | \u0160kolen\u00ed \u010cPF"},"content":{"rendered":"<p><strong>LICENCE B<\/strong><\/p>\n\n\n\n<p>C\u00edlem tohoto studia je p\u0159\u00edprava tren\u00e9r\u016f, kte\u0159\u00ed se v\u011bnuj\u00ed tr\u00e9ninku d\u011bt\u00ed, junior\u016f a dosp\u011bl\u00fdch se zam\u011b\u0159en\u00edm na komplexn\u00ed tr\u00e9nink v\u00fdkonnostn\u00edch hr\u00e1\u010d\u016f. Tren\u00e9\u0159i na t\u00e9to \u00farovni mus\u00ed m\u00edt krom\u011b v\u00fdborn\u00fdch znalost\u00ed v oblasti padelov\u00e9 specializace a p\u0159edchoz\u00ed tren\u00e9rsk\u00e9 praxe, tak\u00e9 obecn\u00e9 vzd\u011bl\u00e1n\u00ed adekv\u00e1tn\u00ed t\u00e9to pozici tren\u00e9ra.&nbsp;<\/p>\n\n\n\n<p>\u0160kolen\u00ed je slo\u017eeno ze 2 \u010d\u00e1st\u00ed :&nbsp;<\/p>\n\n\n\n<p>1. <strong>Obecn\u00fd z\u00e1klad<\/strong>, kter\u00fd zaji\u0161\u0165uj\u00ed vysok\u00e9 \u0161koly s TV zam\u011b\u0159en\u00edm v \u0159\u00e1dn\u00e9m magistersk\u00e9m\/bakal\u00e1\u0159sk\u00e9m studiu \u010di akreditovan\u00e9 kurzy \u010cPF m\u00e1 smluvn\u011b zaji\u0161tenou spolupr\u00e1ci s FTVS v Praze viz <a href=\"https:\/\/www.ftvs.cuni.cz\/cs\/sluzby\/trenerska-skola\/licence-b\">(tren\u00e9rsk\u00e1 licence B<\/a>).<\/p>\n\n\n\n<p>\u00a02. <strong>Specializovan\u00e1 \u010d\u00e1st (\u010cPF) <\/strong>&#8211;\u00a0 Speci\u00e1ln\u00ed \u010d\u00e1st obsahov\u011b vych\u00e1z\u00ed z kurzu licence C, s d\u016frazem na prohlouben\u00ed v\u0161ech znalost\u00ed a dovednost\u00ed. Uchaze\u010d se p\u0159ipravuje tak, aby byl schopen samostatn\u011b a dlouhodob\u011b organizovat individu\u00e1ln\u00ed a skupinov\u00fd tr\u00e9nink na z\u00e1vodn\u00ed \u00farovni.\u00a0<\/p>\n\n\n\n<p>\u0160kolen\u00ed m\u00e1 celkov\u00fd rozsah <strong>150 hodin<\/strong> (obecn\u00fd z\u00e1klad: 50 hodin, specializace: 100 hodin) <strong>+ 100 hodin<\/strong> povinn\u00e9 praxe v registrovan\u00fdch klubech nebo p\u0159\u00edmo pod \u010cPF.<\/p>\n\n\n\n<p>Z\u00e1kladn\u00ed obsahov\u00e1 struktura specializovan\u00e9 \u010d\u00e1sti :<\/p>\n\n\n\n<ul class=\"wp-block-list\">\n<li>opakov\u00e1n\u00ed z\u00e1klad\u016f v rozsahu n\u00e1pln\u011b <a href=\"https:\/\/www.playpadel1.com\/en\/trener-padelu\/\">kurzu licence C<\/a>\u00a0<\/li>\n\n\n\n<li>rotace m\u00ed\u010de a jej\u00ed vliv na hru<\/li>\n\n\n\n<li>technika a taktika pro pokro\u010dil\u00e9 a z\u00e1vodn\u00ed hr\u00e1\u010de<\/li>\n\n\n\n<li>pokro\u010dil\u00e1 diagnostika chyb a jejich korekce<\/li>\n\n\n\n<li>didaktika a p\u0159\u00edprava tr\u00e9ninkov\u00fdch jednotek pro pokro\u010dil\u00e9 a z\u00e1vodn\u00ed hr\u00e1\u010de<\/li>\n\n\n\n<li>specifick\u00fd tr\u00e9nink, tr\u00e9ninkov\u00e9 cykly a jejich p\u0159\u00edprava<\/li>\n\n\n\n<li>psychologie padelu<\/li>\n\n\n\n<li>specifick\u00e1 kondi\u010dn\u00ed p\u0159\u00edprava padelu<\/li>\n\n\n\n<li>profesion\u00e1ln\u00ed rozvoj tren\u00e9ra<\/li>\n\n\n\n<li>veden\u00ed hr\u00e1\u010d\u016f v pr\u016fb\u011bhu utk\u00e1n\u00ed &#8211; coaching<\/li>\n\n\n\n<li>anal\u00fdza z\u00e1pasu, vyu\u017eit\u00ed videa a informa\u010dn\u00ed techniky<\/li>\n\n\n\n<li>adaptivn\u00ed padel<\/li>\n\n\n\n<li>pl\u00e1nov\u00e1n\u00ed a vyhodnocen\u00ed tr\u00e9ninkov\u00e9 p\u0159\u00edpravy z\u00e1vodn\u00edch hr\u00e1\u010d\u016f<\/li>\n\n\n\n<li>mezin\u00e1rodn\u00ed turnaje a akce pro z\u00e1vodn\u00ed hr\u00e1\u010de<\/li>\n<\/ul>\n\n\n\n<p><strong>Podm\u00ednky pro p\u0159ijet\u00ed do kurzu:<\/strong> <\/p>\n\n\n\n<p>Do kurzu jsou p\u0159ij\u00edm\u00e1ni absolventi s platnou licenc\u00ed C \u010cPF, po uplynut\u00ed alespo\u0148 1 roku od absolvov\u00e1n\u00ed \u0161kolen\u00ed. Sou\u010dasn\u011b mus\u00ed \u00fa\u010dastn\u00edk splnit po\u017eadavky dan\u00e9 p\u0159\u00edslu\u0161nou vysokou \u0161kolou \u010di akreditovan\u00fdm kurzem tren\u00e9rsk\u00e9 licence B (obecn\u00e1 \u010d\u00e1st) pro za\u0159azen\u00ed ke studiu.<\/p>\n\n\n\n<p>Kurz je zakon\u010den z\u00e1v\u011bre\u010dnou <strong>teoretickou a praktickou zkou\u0161kou<\/strong> (technika \u00fader\u016f, metodick\u00fd v\u00fdstup, nahr\u00e1v\u00e1n\u00ed, p\u00edsemn\u00fd test, z\u00e1v\u011bre\u010dn\u00e1 pr\u00e1ce). Obecn\u00e1 \u010d\u00e1st se \u0159\u00edd\u00ed podm\u00ednkami akreditovan\u00e9ho kurzu tren\u00e9rsk\u00e9 licence B.<\/p>\n\n\n\n<h2 class=\"wp-block-heading\"><strong>Kurz B \u2013 term\u00edn pro rok 2026<\/strong><\/h2>\n\n\n\n<p>Specializa\u010dn\u00ed blok kurzu B bude prob\u00edhat formou \u010dty\u0159 prodlou\u017een\u00fdch v\u00edkend\u016f, kter\u00e9 dohromady tvo\u0159\u00ed 100 hodin specializa\u010dn\u00ed \u010d\u00e1sti. Term\u00edny jsou navr\u017eeny tak, aby mezi jednotliv\u00fdmi bloky byl dostatek \u010dasu na p\u0159\u00edpravu a samostatn\u00e9 studium:<\/p>\n\n\n\n<ul class=\"wp-block-list\">\n<li>\u010cerven-\u0158ijen &#8211; p\u0159esn\u00e9 datum a m\u00edsto bude zve\u0159ejn\u011bno jakmile se napln\u00ed po\u010det z\u00e1jemc\u016f.<\/li>\n<\/ul>\n\n\n\n<p>Na spln\u011bn\u00ed 100 hodin praxe m\u00e1 \u00fa\u010dastn\u00edk \u010das a\u017e do konce roku 2027.<\/p>\n\n\n\n<p>Po\u010det \u00fa\u010dastn\u00edk\u016f &#8211; 12<\/p>\n\n\n\n<p><strong>Cena Kurzu 31 900,-<\/strong> CZK Platba na \u016f\u010det \u010cPF  \u2013&nbsp;B. \u00fa\u010det: 2500830157\/2010 <\/p>\n\n\n\n<p><strong>Pro p\u0159edb\u011b\u017en\u00e9 p\u0159ihl\u00e1\u0161en\u00ed&nbsp;a informace&nbsp;ke kurzu B po\u0161lete email na&nbsp;<a href=\"mailto:info@playpadel1.com\">info@playpadel1.com<\/a><\/strong><\/p>\n\n\n\n<p><\/p>\n\n\n\n<p><\/p>\n\n\n\n<p><\/p>","protected":false},"excerpt":{"rendered":"LICENCE B C\u00edlem tohoto studia je p\u0159\u00edprava tren\u00e9r\u016f, kte\u0159\u00ed se v\u011bnuj\u00ed tr\u00e9ninku d\u011bt\u00ed, junior\u016f a dosp\u011bl\u00fdch se zam\u011b\u0159en\u00edm na komplexn\u00ed tr\u00e9nink v\u00fdkonnostn\u00edch hr\u00e1\u010d\u016f. \n<a class=\"moretag\" href=\"https:\/\/www.playpadel1.com\/en\/kurz-trener-padelu-licence-b\/\"> <\/a>","protected":false},"author":3,"featured_media":0,"parent":0,"menu_order":0,"comment_status":"closed","ping_status":"closed","template":"","meta":{"footnotes":""},"class_list":["post-1938","page","type-page","status-publish","hentry"],"yoast_head":"<!-- This site is optimized with the Yoast SEO plugin v27.4 - https:\/\/yoast.com\/product\/yoast-seo-wordpress\/ -->\n<title>Tren\u00e9r padelu \u2013 Licence B | \u0160kolen\u00ed \u010cPF - PLAYPADEL1<\/title>\n<meta name=\"description\" content=\"Kurz tren\u00e9r padelu licence B pro pr\u00e1ci s v\u00fdkonnostn\u00edmi a z\u00e1vodn\u00edmi hr\u00e1\u010di. 150 hodin v\u00fduky + 100 hodin praxe. P\u0159ihlaste se na rok 2026.\" \/>\n<meta name=\"robots\" content=\"index, follow, max-snippet:-1, max-image-preview:large, max-video-preview:-1\" \/>\n<link rel=\"canonical\" href=\"https:\/\/www.playpadel1.com\/en\/kurz-trener-padelu-licence-b\/\" \/>\n<meta property=\"og:locale\" content=\"en_GB\" \/>\n<meta property=\"og:type\" content=\"article\" \/>\n<meta property=\"og:title\" content=\"Tren\u00e9r padelu \u2013 Licence B | \u0160kolen\u00ed \u010cPF - PLAYPADEL1\" \/>\n<meta property=\"og:description\" content=\"Kurz tren\u00e9r padelu licence B pro pr\u00e1ci s v\u00fdkonnostn\u00edmi a z\u00e1vodn\u00edmi hr\u00e1\u010di. 150 hodin v\u00fduky + 100 hodin praxe. P\u0159ihlaste se na rok 2026.\" \/>\n<meta property=\"og:url\" content=\"https:\/\/www.playpadel1.com\/en\/kurz-trener-padelu-licence-b\/\" \/>\n<meta property=\"og:site_name\" content=\"PLAYPADEL1\" \/>\n<meta property=\"article:publisher\" content=\"https:\/\/www.facebook.com\/Playpadel1\/\" \/>\n<meta property=\"article:modified_time\" content=\"2026-03-22T11:43:47+00:00\" \/>\n<meta name=\"twitter:card\" content=\"summary_large_image\" \/>\n<meta name=\"twitter:label1\" content=\"Estimated reading time\" \/>\n\t<meta name=\"twitter:data1\" content=\"3 minutes\" \/>\n<script type=\"application\/ld+json\" class=\"yoast-schema-graph\">{\"@context\":\"https:\\\/\\\/schema.org\",\"@graph\":[{\"@type\":\"WebPage\",\"@id\":\"https:\\\/\\\/www.playpadel1.com\\\/kurz-trener-padelu-licence-b\\\/\",\"url\":\"https:\\\/\\\/www.playpadel1.com\\\/kurz-trener-padelu-licence-b\\\/\",\"name\":\"Tren\u00e9r padelu \u2013 Licence B | \u0160kolen\u00ed \u010cPF - PLAYPADEL1\",\"isPartOf\":{\"@id\":\"https:\\\/\\\/www.playpadel1.com\\\/#website\"},\"datePublished\":\"2026-01-31T19:51:08+00:00\",\"dateModified\":\"2026-03-22T11:43:47+00:00\",\"description\":\"Kurz tren\u00e9r padelu licence B pro pr\u00e1ci s v\u00fdkonnostn\u00edmi a z\u00e1vodn\u00edmi hr\u00e1\u010di. 150 hodin v\u00fduky + 100 hodin praxe. P\u0159ihlaste se na rok 2026.\",\"breadcrumb\":{\"@id\":\"https:\\\/\\\/www.playpadel1.com\\\/kurz-trener-padelu-licence-b\\\/#breadcrumb\"},\"inLanguage\":\"en-GB\",\"potentialAction\":[{\"@type\":\"ReadAction\",\"target\":[\"https:\\\/\\\/www.playpadel1.com\\\/kurz-trener-padelu-licence-b\\\/\"]}]},{\"@type\":\"BreadcrumbList\",\"@id\":\"https:\\\/\\\/www.playpadel1.com\\\/kurz-trener-padelu-licence-b\\\/#breadcrumb\",\"itemListElement\":[{\"@type\":\"ListItem\",\"position\":1,\"name\":\"Home\",\"item\":\"https:\\\/\\\/www.playpadel1.com\\\/\"},{\"@type\":\"ListItem\",\"position\":2,\"name\":\"Tren\u00e9r padelu \u2013 Licence B | \u0160kolen\u00ed \u010cPF\"}]},{\"@type\":\"WebSite\",\"@id\":\"https:\\\/\\\/www.playpadel1.com\\\/#website\",\"url\":\"https:\\\/\\\/www.playpadel1.com\\\/\",\"name\":\"PLAYPADEL1\",\"description\":\"Padelov\u00e1 Akademie, padel academy, padelov\u00e1 \u0161kola, escuela de padel, padel shule\",\"publisher\":{\"@id\":\"https:\\\/\\\/www.playpadel1.com\\\/#organization\"},\"potentialAction\":[{\"@type\":\"SearchAction\",\"target\":{\"@type\":\"EntryPoint\",\"urlTemplate\":\"https:\\\/\\\/www.playpadel1.com\\\/?s={search_term_string}\"},\"query-input\":{\"@type\":\"PropertyValueSpecification\",\"valueRequired\":true,\"valueName\":\"search_term_string\"}}],\"inLanguage\":\"en-GB\"},{\"@type\":\"Organization\",\"@id\":\"https:\\\/\\\/www.playpadel1.com\\\/#organization\",\"name\":\"PLAYPADEL1\",\"url\":\"https:\\\/\\\/www.playpadel1.com\\\/\",\"logo\":{\"@type\":\"ImageObject\",\"inLanguage\":\"en-GB\",\"@id\":\"https:\\\/\\\/www.playpadel1.com\\\/#\\\/schema\\\/logo\\\/image\\\/\",\"url\":\"https:\\\/\\\/www.playpadel1.com\\\/wp-content\\\/uploads\\\/2020\\\/02\\\/playpadel1-1-e1582124860101.png\",\"contentUrl\":\"https:\\\/\\\/www.playpadel1.com\\\/wp-content\\\/uploads\\\/2020\\\/02\\\/playpadel1-1-e1582124860101.png\",\"width\":320,\"height\":120,\"caption\":\"PLAYPADEL1\"},\"image\":{\"@id\":\"https:\\\/\\\/www.playpadel1.com\\\/#\\\/schema\\\/logo\\\/image\\\/\"},\"sameAs\":[\"https:\\\/\\\/www.facebook.com\\\/Playpadel1\\\/\",\"https:\\\/\\\/www.instagram.com\\\/playpadel1\\\/\"]}]}<\/script>\n<!-- \/ Yoast SEO plugin. -->","yoast_head_json":{"title":"Tren\u00e9r padelu \u2013 Licence B | \u0160kolen\u00ed \u010cPF - PLAYPADEL1","description":"Kurz tren\u00e9r padelu licence B pro pr\u00e1ci s v\u00fdkonnostn\u00edmi a z\u00e1vodn\u00edmi hr\u00e1\u010di. 150 hodin v\u00fduky + 100 hodin praxe. P\u0159ihlaste se na rok 2026.","robots":{"index":"index","follow":"follow","max-snippet":"max-snippet:-1","max-image-preview":"max-image-preview:large","max-video-preview":"max-video-preview:-1"},"canonical":"https:\/\/www.playpadel1.com\/en\/kurz-trener-padelu-licence-b\/","og_locale":"en_GB","og_type":"article","og_title":"Tren\u00e9r padelu \u2013 Licence B | \u0160kolen\u00ed \u010cPF - PLAYPADEL1","og_description":"Kurz tren\u00e9r padelu licence B pro pr\u00e1ci s v\u00fdkonnostn\u00edmi a z\u00e1vodn\u00edmi hr\u00e1\u010di. 150 hodin v\u00fduky + 100 hodin praxe. P\u0159ihlaste se na rok 2026.","og_url":"https:\/\/www.playpadel1.com\/en\/kurz-trener-padelu-licence-b\/","og_site_name":"PLAYPADEL1","article_publisher":"https:\/\/www.facebook.com\/Playpadel1\/","article_modified_time":"2026-03-22T11:43:47+00:00","twitter_card":"summary_large_image","twitter_misc":{"Estimated reading time":"3 minutes"},"schema":{"@context":"https:\/\/schema.org","@graph":[{"@type":"WebPage","@id":"https:\/\/www.playpadel1.com\/kurz-trener-padelu-licence-b\/","url":"https:\/\/www.playpadel1.com\/kurz-trener-padelu-licence-b\/","name":"Tren\u00e9r padelu \u2013 Licence B | \u0160kolen\u00ed \u010cPF - PLAYPADEL1","isPartOf":{"@id":"https:\/\/www.playpadel1.com\/#website"},"datePublished":"2026-01-31T19:51:08+00:00","dateModified":"2026-03-22T11:43:47+00:00","description":"Kurz tren\u00e9r padelu licence B pro pr\u00e1ci s v\u00fdkonnostn\u00edmi a z\u00e1vodn\u00edmi hr\u00e1\u010di. 150 hodin v\u00fduky + 100 hodin praxe. P\u0159ihlaste se na rok 2026.","breadcrumb":{"@id":"https:\/\/www.playpadel1.com\/kurz-trener-padelu-licence-b\/#breadcrumb"},"inLanguage":"en-GB","potentialAction":[{"@type":"ReadAction","target":["https:\/\/www.playpadel1.com\/kurz-trener-padelu-licence-b\/"]}]},{"@type":"BreadcrumbList","@id":"https:\/\/www.playpadel1.com\/kurz-trener-padelu-licence-b\/#breadcrumb","itemListElement":[{"@type":"ListItem","position":1,"name":"Home","item":"https:\/\/www.playpadel1.com\/"},{"@type":"ListItem","position":2,"name":"Tren\u00e9r padelu \u2013 Licence B | \u0160kolen\u00ed \u010cPF"}]},{"@type":"WebSite","@id":"https:\/\/www.playpadel1.com\/#website","url":"https:\/\/www.playpadel1.com\/","name":"PLAYPADEL1","description":"Padelov\u00e1 Akademie, padel academy, padelov\u00e1 \u0161kola, escuela de padel, padel shule","publisher":{"@id":"https:\/\/www.playpadel1.com\/#organization"},"potentialAction":[{"@type":"SearchAction","target":{"@type":"EntryPoint","urlTemplate":"https:\/\/www.playpadel1.com\/?s={search_term_string}"},"query-input":{"@type":"PropertyValueSpecification","valueRequired":true,"valueName":"search_term_string"}}],"inLanguage":"en-GB"},{"@type":"Organization","@id":"https:\/\/www.playpadel1.com\/#organization","name":"PLAYPADEL1","url":"https:\/\/www.playpadel1.com\/","logo":{"@type":"ImageObject","inLanguage":"en-GB","@id":"https:\/\/www.playpadel1.com\/#\/schema\/logo\/image\/","url":"https:\/\/www.playpadel1.com\/wp-content\/uploads\/2020\/02\/playpadel1-1-e1582124860101.png","contentUrl":"https:\/\/www.playpadel1.com\/wp-content\/uploads\/2020\/02\/playpadel1-1-e1582124860101.png","width":320,"height":120,"caption":"PLAYPADEL1"},"image":{"@id":"https:\/\/www.playpadel1.com\/#\/schema\/logo\/image\/"},"sameAs":["https:\/\/www.facebook.com\/Playpadel1\/","https:\/\/www.instagram.com\/playpadel1\/"]}]}},"_links":{"self":[{"href":"https:\/\/www.playpadel1.com\/en\/wp-json\/wp\/v2\/pages\/1938","targetHints":{"allow":["GET"]}}],"collection":[{"href":"https:\/\/www.playpadel1.com\/en\/wp-json\/wp\/v2\/pages"}],"about":[{"href":"https:\/\/www.playpadel1.com\/en\/wp-json\/wp\/v2\/types\/page"}],"author":[{"embeddable":true,"href":"https:\/\/www.playpadel1.com\/en\/wp-json\/wp\/v2\/users\/3"}],"replies":[{"embeddable":true,"href":"https:\/\/www.playpadel1.com\/en\/wp-json\/wp\/v2\/comments?post=1938"}],"version-history":[{"count":4,"href":"https:\/\/www.playpadel1.com\/en\/wp-json\/wp\/v2\/pages\/1938\/revisions"}],"predecessor-version":[{"id":2025,"href":"https:\/\/www.playpadel1.com\/en\/wp-json\/wp\/v2\/pages\/1938\/revisions\/2025"}],"wp:attachment":[{"href":"https:\/\/www.playpadel1.com\/en\/wp-json\/wp\/v2\/media?parent=1938"}],"curies":[{"name":"wp","href":"https:\/\/api.w.org\/{rel}","templated":true}]}}