{"id":181,"date":"2020-02-20T12:41:35","date_gmt":"2020-02-20T12:41:35","guid":{"rendered":"https:\/\/playpadel1.com\/\/?page_id=181"},"modified":"2026-02-07T17:44:47","modified_gmt":"2026-02-07T17:44:47","slug":"kontaktujte-nas","status":"publish","type":"page","link":"https:\/\/www.playpadel1.com\/en\/kontaktujte-nas\/","title":{"rendered":"Contact"},"content":{"rendered":"<p>Hled\u00e1te kontakt PlayPadel1 kv\u016fli padelov\u00fdm pobyt\u016fm, kurz\u016fm tren\u00e9r\u016f nebo spolupr\u00e1ci? Jsme t\u00fdm, kter\u00fd dlouhodob\u011b p\u016fsob\u00ed ve \u0160pan\u011blsku i v \u010cesk\u00e9 republice a pom\u00e1h\u00e1 hr\u00e1\u010d\u016fm, tren\u00e9r\u016fm i klub\u016fm rozv\u00edjet padel na v\u0161ech \u00farovn\u00edch. R\u00e1di v\u00e1m porad\u00edme s v\u00fdb\u011brem tr\u00e9ninku, pobytu nebo s rozvojem va\u0161eho padelov\u00e9ho projektu.<\/p>\n\n\n\n<h2 class=\"wp-block-heading\">Jak v\u00e1m m\u016f\u017eeme pomoci<\/h2>\n\n\n\n<ul class=\"wp-block-list\">\n<li>informace o <a href=\"https:\/\/www.playpadel1.com\/en\/soustredeni-zajezdy-a-padelove-pobyty-ve-spanelsku-kempy\/\">padelov\u00fdch pobytech ve \u0160pan\u011blsku<\/a><\/li>\n\n\n\n<li>p\u0159ihl\u00e1\u0161en\u00ed na <a href=\"https:\/\/www.playpadel1.com\/en\/trenersky-kurz-padelu\/\">kurzy a \u0161kolen\u00ed tren\u00e9r\u016f<\/a><\/li>\n\n\n\n<li>spolupr\u00e1ce s padelov\u00fdmi kluby<\/li>\n\n\n\n<li>konzultace padelov\u00fdch projekt\u016f<\/li>\n\n\n\n<li>organizace turnaj\u016f a sportovn\u00edch akc\u00ed<\/li>\n\n\n\n<li>individu\u00e1ln\u00ed i skupinov\u00e9 tr\u00e9ninky<\/li>\n\n\n\n<li>profesion\u00e1ln\u00ed doprovod na<a href=\"https:\/\/www.padelfip.com\/es\/\"> mezin\u00e1rodn\u00edch turnaj\u00edch<\/a><\/li>\n<\/ul>\n\n\n\n<h2 class=\"wp-block-heading\">Pro\u010d se ozvat pr\u00e1v\u011b n\u00e1m<\/h2>\n\n\n\n<p>PlayPadel1 propojuje zku\u0161enosti z \u010desk\u00e9ho i \u0161pan\u011blsk\u00e9ho padelu. V\u011bnujeme se tr\u00e9nink\u016fm, vzd\u011bl\u00e1v\u00e1n\u00ed tren\u00e9r\u016f, organizaci pobyt\u016f i rozvoji klub\u016f. D\u00edky tomu dok\u00e1\u017eeme poradit hr\u00e1\u010d\u016fm v\u0161ech \u00farovn\u00ed \u2013 od za\u010d\u00e1te\u010dn\u00edk\u016f a\u017e po z\u00e1vodn\u00ed hr\u00e1\u010de.<\/p>\n\n\n\n<p>Spolupracujeme s tren\u00e9ry, sportovn\u00edmi centry i kluby, kter\u00e9 cht\u011bj\u00ed posunout padel na vy\u0161\u0161\u00ed \u00farove\u0148. Pokud pl\u00e1nujete projekt, turnaj nebo chcete zlep\u0161it tr\u00e9ninkov\u00fd syst\u00e9m, r\u00e1di v\u00e1m pom\u016f\u017eeme.<\/p>\n\n\n\n<p>Ka\u017ed\u00fd dotaz \u0159e\u0161\u00edme individu\u00e1ln\u011b podle pot\u0159eb hr\u00e1\u010de nebo klubu. Pokud si nejste jist\u00ed, jak\u00fd typ slu\u017eby je pro v\u00e1s vhodn\u00fd, sta\u010d\u00ed n\u00e1m napsat \u2013 spole\u010dn\u011b najdeme nejlep\u0161\u00ed \u0159e\u0161en\u00ed.<\/p>\n\n\n\n<h3 class=\"wp-block-heading\">Kontakt Playpadel1<\/h3>\n\n\n\n<h3 class=\"wp-block-heading\">Email: <a href=\"mailto:info@playpadel1.com\">info@playpadel1.com<\/a><\/h3>\n\n\n\n<figure class=\"wp-block-image size-large\"><img loading=\"lazy\" decoding=\"async\" width=\"861\" height=\"502\" src=\"https:\/\/playpadel1.com\/wp-content\/uploads\/2020\/04\/padel-obrazek.png\" alt=\"playpadel1 kontakt\" class=\"wp-image-472\" srcset=\"https:\/\/www.playpadel1.com\/wp-content\/uploads\/2020\/04\/padel-obrazek.png 861w, https:\/\/www.playpadel1.com\/wp-content\/uploads\/2020\/04\/padel-obrazek-300x175.png 300w, https:\/\/www.playpadel1.com\/wp-content\/uploads\/2020\/04\/padel-obrazek-768x448.png 768w, https:\/\/www.playpadel1.com\/wp-content\/uploads\/2020\/04\/padel-obrazek-600x350.png 600w\" sizes=\"auto, (max-width: 861px) 100vw, 861px\" \/><\/figure>\n\n\n\n<p><\/p>","protected":false},"excerpt":{"rendered":"Hled\u00e1te kontakt PlayPadel1 kv\u016fli padelov\u00fdm pobyt\u016fm, kurz\u016fm tren\u00e9r\u016f nebo spolupr\u00e1ci? Jsme t\u00fdm, kter\u00fd dlouhodob\u011b p\u016fsob\u00ed ve \u0160pan\u011blsku i v \u010cesk\u00e9 republice a pom\u00e1h\u00e1 \n<a class=\"moretag\" href=\"https:\/\/www.playpadel1.com\/en\/kontaktujte-nas\/\"> <\/a>","protected":false},"author":2,"featured_media":0,"parent":0,"menu_order":0,"comment_status":"closed","ping_status":"closed","template":"","meta":{"footnotes":""},"class_list":["post-181","page","type-page","status-publish","hentry"],"yoast_head":"<!-- This site is optimized with the Yoast SEO plugin v27.4 - https:\/\/yoast.com\/product\/yoast-seo-wordpress\/ -->\n<title>Kontakt \u2013 PlayPadel1 | Padelov\u00e9 pobyty, kurzy a tr\u00e9ninky<\/title>\n<meta name=\"description\" content=\"M\u00e1te dotazy k padelu, tr\u00e9nink\u016fm, kurz\u016fm nebo padelov\u00fdm pobyt\u016fm ve \u0160pan\u011blsku? Kontakt PlayPadel1 \u2013 porad\u00edme hr\u00e1\u010d\u016fm, tren\u00e9r\u016fm i klub\u016fm.\" \/>\n<meta name=\"robots\" content=\"index, follow, max-snippet:-1, max-image-preview:large, max-video-preview:-1\" \/>\n<link rel=\"canonical\" href=\"https:\/\/www.playpadel1.com\/en\/kontaktujte-nas\/\" \/>\n<meta property=\"og:locale\" content=\"en_GB\" \/>\n<meta property=\"og:type\" content=\"article\" \/>\n<meta property=\"og:title\" content=\"Kontakt \u2013 PlayPadel1 | Padelov\u00e9 pobyty, kurzy a tr\u00e9ninky\" \/>\n<meta property=\"og:description\" content=\"M\u00e1te dotazy k padelu, tr\u00e9nink\u016fm, kurz\u016fm nebo padelov\u00fdm pobyt\u016fm ve \u0160pan\u011blsku? Kontakt PlayPadel1 \u2013 porad\u00edme hr\u00e1\u010d\u016fm, tren\u00e9r\u016fm i klub\u016fm.\" \/>\n<meta property=\"og:url\" content=\"https:\/\/www.playpadel1.com\/en\/kontaktujte-nas\/\" \/>\n<meta property=\"og:site_name\" content=\"PLAYPADEL1\" \/>\n<meta property=\"article:publisher\" content=\"https:\/\/www.facebook.com\/Playpadel1\/\" \/>\n<meta property=\"article:modified_time\" content=\"2026-02-07T17:44:47+00:00\" \/>\n<meta property=\"og:image\" content=\"https:\/\/www.playpadel1.com\/wp-content\/uploads\/2020\/04\/padel-obrazek.png\" \/>\n\t<meta property=\"og:image:width\" content=\"861\" \/>\n\t<meta property=\"og:image:height\" content=\"502\" \/>\n\t<meta property=\"og:image:type\" content=\"image\/png\" \/>\n<meta name=\"twitter:card\" content=\"summary_large_image\" \/>\n<meta name=\"twitter:label1\" content=\"Estimated reading time\" \/>\n\t<meta name=\"twitter:data1\" content=\"2 minutes\" \/>\n<script type=\"application\/ld+json\" class=\"yoast-schema-graph\">{\"@context\":\"https:\\\/\\\/schema.org\",\"@graph\":[{\"@type\":\"WebPage\",\"@id\":\"https:\\\/\\\/www.playpadel1.com\\\/kontaktujte-nas\\\/\",\"url\":\"https:\\\/\\\/www.playpadel1.com\\\/kontaktujte-nas\\\/\",\"name\":\"Kontakt \u2013 PlayPadel1 | Padelov\u00e9 pobyty, kurzy a tr\u00e9ninky\",\"isPartOf\":{\"@id\":\"https:\\\/\\\/www.playpadel1.com\\\/#website\"},\"primaryImageOfPage\":{\"@id\":\"https:\\\/\\\/www.playpadel1.com\\\/kontaktujte-nas\\\/#primaryimage\"},\"image\":{\"@id\":\"https:\\\/\\\/www.playpadel1.com\\\/kontaktujte-nas\\\/#primaryimage\"},\"thumbnailUrl\":\"https:\\\/\\\/playpadel1.com\\\/wp-content\\\/uploads\\\/2020\\\/04\\\/padel-obrazek.png\",\"datePublished\":\"2020-02-20T12:41:35+00:00\",\"dateModified\":\"2026-02-07T17:44:47+00:00\",\"description\":\"M\u00e1te dotazy k padelu, tr\u00e9nink\u016fm, kurz\u016fm nebo padelov\u00fdm pobyt\u016fm ve \u0160pan\u011blsku? Kontakt PlayPadel1 \u2013 porad\u00edme hr\u00e1\u010d\u016fm, tren\u00e9r\u016fm i klub\u016fm.\",\"breadcrumb\":{\"@id\":\"https:\\\/\\\/www.playpadel1.com\\\/kontaktujte-nas\\\/#breadcrumb\"},\"inLanguage\":\"en-GB\",\"potentialAction\":[{\"@type\":\"ReadAction\",\"target\":[\"https:\\\/\\\/www.playpadel1.com\\\/kontaktujte-nas\\\/\"]}]},{\"@type\":\"ImageObject\",\"inLanguage\":\"en-GB\",\"@id\":\"https:\\\/\\\/www.playpadel1.com\\\/kontaktujte-nas\\\/#primaryimage\",\"url\":\"https:\\\/\\\/playpadel1.com\\\/wp-content\\\/uploads\\\/2020\\\/04\\\/padel-obrazek.png\",\"contentUrl\":\"https:\\\/\\\/playpadel1.com\\\/wp-content\\\/uploads\\\/2020\\\/04\\\/padel-obrazek.png\"},{\"@type\":\"BreadcrumbList\",\"@id\":\"https:\\\/\\\/www.playpadel1.com\\\/kontaktujte-nas\\\/#breadcrumb\",\"itemListElement\":[{\"@type\":\"ListItem\",\"position\":1,\"name\":\"Home\",\"item\":\"https:\\\/\\\/www.playpadel1.com\\\/\"},{\"@type\":\"ListItem\",\"position\":2,\"name\":\"Kontakt\"}]},{\"@type\":\"WebSite\",\"@id\":\"https:\\\/\\\/www.playpadel1.com\\\/#website\",\"url\":\"https:\\\/\\\/www.playpadel1.com\\\/\",\"name\":\"PLAYPADEL1\",\"description\":\"Padelov\u00e1 Akademie, padel academy, padelov\u00e1 \u0161kola, escuela de padel, padel shule\",\"publisher\":{\"@id\":\"https:\\\/\\\/www.playpadel1.com\\\/#organization\"},\"potentialAction\":[{\"@type\":\"SearchAction\",\"target\":{\"@type\":\"EntryPoint\",\"urlTemplate\":\"https:\\\/\\\/www.playpadel1.com\\\/?s={search_term_string}\"},\"query-input\":{\"@type\":\"PropertyValueSpecification\",\"valueRequired\":true,\"valueName\":\"search_term_string\"}}],\"inLanguage\":\"en-GB\"},{\"@type\":\"Organization\",\"@id\":\"https:\\\/\\\/www.playpadel1.com\\\/#organization\",\"name\":\"PLAYPADEL1\",\"url\":\"https:\\\/\\\/www.playpadel1.com\\\/\",\"logo\":{\"@type\":\"ImageObject\",\"inLanguage\":\"en-GB\",\"@id\":\"https:\\\/\\\/www.playpadel1.com\\\/#\\\/schema\\\/logo\\\/image\\\/\",\"url\":\"https:\\\/\\\/www.playpadel1.com\\\/wp-content\\\/uploads\\\/2020\\\/02\\\/playpadel1-1-e1582124860101.png\",\"contentUrl\":\"https:\\\/\\\/www.playpadel1.com\\\/wp-content\\\/uploads\\\/2020\\\/02\\\/playpadel1-1-e1582124860101.png\",\"width\":320,\"height\":120,\"caption\":\"PLAYPADEL1\"},\"image\":{\"@id\":\"https:\\\/\\\/www.playpadel1.com\\\/#\\\/schema\\\/logo\\\/image\\\/\"},\"sameAs\":[\"https:\\\/\\\/www.facebook.com\\\/Playpadel1\\\/\",\"https:\\\/\\\/www.instagram.com\\\/playpadel1\\\/\"]}]}<\/script>\n<!-- \/ Yoast SEO plugin. -->","yoast_head_json":{"title":"Kontakt \u2013 PlayPadel1 | Padelov\u00e9 pobyty, kurzy a tr\u00e9ninky","description":"M\u00e1te dotazy k padelu, tr\u00e9nink\u016fm, kurz\u016fm nebo padelov\u00fdm pobyt\u016fm ve \u0160pan\u011blsku? Kontakt PlayPadel1 \u2013 porad\u00edme hr\u00e1\u010d\u016fm, tren\u00e9r\u016fm i klub\u016fm.","robots":{"index":"index","follow":"follow","max-snippet":"max-snippet:-1","max-image-preview":"max-image-preview:large","max-video-preview":"max-video-preview:-1"},"canonical":"https:\/\/www.playpadel1.com\/en\/kontaktujte-nas\/","og_locale":"en_GB","og_type":"article","og_title":"Kontakt \u2013 PlayPadel1 | Padelov\u00e9 pobyty, kurzy a tr\u00e9ninky","og_description":"M\u00e1te dotazy k padelu, tr\u00e9nink\u016fm, kurz\u016fm nebo padelov\u00fdm pobyt\u016fm ve \u0160pan\u011blsku? Kontakt PlayPadel1 \u2013 porad\u00edme hr\u00e1\u010d\u016fm, tren\u00e9r\u016fm i klub\u016fm.","og_url":"https:\/\/www.playpadel1.com\/en\/kontaktujte-nas\/","og_site_name":"PLAYPADEL1","article_publisher":"https:\/\/www.facebook.com\/Playpadel1\/","article_modified_time":"2026-02-07T17:44:47+00:00","og_image":[{"width":861,"height":502,"url":"https:\/\/www.playpadel1.com\/wp-content\/uploads\/2020\/04\/padel-obrazek.png","type":"image\/png"}],"twitter_card":"summary_large_image","twitter_misc":{"Estimated reading time":"2 minutes"},"schema":{"@context":"https:\/\/schema.org","@graph":[{"@type":"WebPage","@id":"https:\/\/www.playpadel1.com\/kontaktujte-nas\/","url":"https:\/\/www.playpadel1.com\/kontaktujte-nas\/","name":"Kontakt \u2013 PlayPadel1 | Padelov\u00e9 pobyty, kurzy a tr\u00e9ninky","isPartOf":{"@id":"https:\/\/www.playpadel1.com\/#website"},"primaryImageOfPage":{"@id":"https:\/\/www.playpadel1.com\/kontaktujte-nas\/#primaryimage"},"image":{"@id":"https:\/\/www.playpadel1.com\/kontaktujte-nas\/#primaryimage"},"thumbnailUrl":"https:\/\/playpadel1.com\/wp-content\/uploads\/2020\/04\/padel-obrazek.png","datePublished":"2020-02-20T12:41:35+00:00","dateModified":"2026-02-07T17:44:47+00:00","description":"M\u00e1te dotazy k padelu, tr\u00e9nink\u016fm, kurz\u016fm nebo padelov\u00fdm pobyt\u016fm ve \u0160pan\u011blsku? Kontakt PlayPadel1 \u2013 porad\u00edme hr\u00e1\u010d\u016fm, tren\u00e9r\u016fm i klub\u016fm.","breadcrumb":{"@id":"https:\/\/www.playpadel1.com\/kontaktujte-nas\/#breadcrumb"},"inLanguage":"en-GB","potentialAction":[{"@type":"ReadAction","target":["https:\/\/www.playpadel1.com\/kontaktujte-nas\/"]}]},{"@type":"ImageObject","inLanguage":"en-GB","@id":"https:\/\/www.playpadel1.com\/kontaktujte-nas\/#primaryimage","url":"https:\/\/playpadel1.com\/wp-content\/uploads\/2020\/04\/padel-obrazek.png","contentUrl":"https:\/\/playpadel1.com\/wp-content\/uploads\/2020\/04\/padel-obrazek.png"},{"@type":"BreadcrumbList","@id":"https:\/\/www.playpadel1.com\/kontaktujte-nas\/#breadcrumb","itemListElement":[{"@type":"ListItem","position":1,"name":"Home","item":"https:\/\/www.playpadel1.com\/"},{"@type":"ListItem","position":2,"name":"Kontakt"}]},{"@type":"WebSite","@id":"https:\/\/www.playpadel1.com\/#website","url":"https:\/\/www.playpadel1.com\/","name":"PLAYPADEL1","description":"Padelov\u00e1 Akademie, padel academy, padelov\u00e1 \u0161kola, escuela de padel, padel shule","publisher":{"@id":"https:\/\/www.playpadel1.com\/#organization"},"potentialAction":[{"@type":"SearchAction","target":{"@type":"EntryPoint","urlTemplate":"https:\/\/www.playpadel1.com\/?s={search_term_string}"},"query-input":{"@type":"PropertyValueSpecification","valueRequired":true,"valueName":"search_term_string"}}],"inLanguage":"en-GB"},{"@type":"Organization","@id":"https:\/\/www.playpadel1.com\/#organization","name":"PLAYPADEL1","url":"https:\/\/www.playpadel1.com\/","logo":{"@type":"ImageObject","inLanguage":"en-GB","@id":"https:\/\/www.playpadel1.com\/#\/schema\/logo\/image\/","url":"https:\/\/www.playpadel1.com\/wp-content\/uploads\/2020\/02\/playpadel1-1-e1582124860101.png","contentUrl":"https:\/\/www.playpadel1.com\/wp-content\/uploads\/2020\/02\/playpadel1-1-e1582124860101.png","width":320,"height":120,"caption":"PLAYPADEL1"},"image":{"@id":"https:\/\/www.playpadel1.com\/#\/schema\/logo\/image\/"},"sameAs":["https:\/\/www.facebook.com\/Playpadel1\/","https:\/\/www.instagram.com\/playpadel1\/"]}]}},"_links":{"self":[{"href":"https:\/\/www.playpadel1.com\/en\/wp-json\/wp\/v2\/pages\/181","targetHints":{"allow":["GET"]}}],"collection":[{"href":"https:\/\/www.playpadel1.com\/en\/wp-json\/wp\/v2\/pages"}],"about":[{"href":"https:\/\/www.playpadel1.com\/en\/wp-json\/wp\/v2\/types\/page"}],"author":[{"embeddable":true,"href":"https:\/\/www.playpadel1.com\/en\/wp-json\/wp\/v2\/users\/2"}],"replies":[{"embeddable":true,"href":"https:\/\/www.playpadel1.com\/en\/wp-json\/wp\/v2\/comments?post=181"}],"version-history":[{"count":4,"href":"https:\/\/www.playpadel1.com\/en\/wp-json\/wp\/v2\/pages\/181\/revisions"}],"predecessor-version":[{"id":2019,"href":"https:\/\/www.playpadel1.com\/en\/wp-json\/wp\/v2\/pages\/181\/revisions\/2019"}],"wp:attachment":[{"href":"https:\/\/www.playpadel1.com\/en\/wp-json\/wp\/v2\/media?parent=181"}],"curies":[{"name":"wp","href":"https:\/\/api.w.org\/{rel}","templated":true}]}}