{"id":1793,"date":"2025-09-22T17:14:52","date_gmt":"2025-09-22T17:14:52","guid":{"rendered":"https:\/\/www.playpadel1.com\/?page_id=1793"},"modified":"2026-01-04T19:42:34","modified_gmt":"2026-01-04T19:42:34","slug":"playpade1-academy-padelova-skola-escuela-de-padel","status":"publish","type":"page","link":"https:\/\/www.playpadel1.com\/en\/","title":{"rendered":"Playpadel1 Academy"},"content":{"rendered":"<div class=\"wp-block-image\">\n<figure class=\"aligncenter size-large is-resized\"><img decoding=\"async\" src=\"https:\/\/www.playpadel1.com\/wp-content\/uploads\/2025\/02\/LOGO-PADEL-FINAL-1024x724.png\" alt=\"playpadel1 padel academy\" class=\"wp-image-1694\" style=\"width:433px;height:auto\"\/><\/figure>\n<\/div>\n\n\n<h3 class=\"wp-block-heading\"><strong>From Passion to Professionalism <\/strong><\/h3>\n\n\n\n<p>The PLAYPADEL1 Padel Academy was born out of a deep love for the sport, instilled by its founder, Mgr. Marek \u0160vejnoha. As a coach holding the highest Spanish coaching license, team captain, member of the Czech national team, and certified instructor<a href=\"https:\/\/www.playpadel1.com\/en\/skoleni-treneru-padelu-a-padelove-kurzy\/\"> coaching courses<\/a> brought the best of <strong>the Spanish padel schools <\/strong>into his courses in the Czech Republic as well as in the very place where it all began \u2013 in the south of Spain<\/p>\n\n\n\n<p> With us, you will learn not only proper technique and tactics, but also gain insight into the world of professional padel. Whether your goal is simply to enjoy the game or to prepare for tournaments, at PLAYPADEL1 we will help you reach your full potential.<\/p>\n\n\n\n<p>In addition to regular training sessions, we also organize intensive<a href=\"https:\/\/www.playpadel1.com\/en\/soustredeni-zajezdy-a-padelove-kempy\/\"> <strong>padel camps and training retreats.<\/strong><\/a>that will take your game to the next level. Whether you prefer to train at home in the Czech Republic or experience the atmosphere of padel\u2019s birthplace in southern Spain, we have programs ready for you. Our camps and training retreats are held <strong>both in Spain and in the Czech Republic<\/strong>, always under the supervision of <strong>licensed coaches.<\/strong>Get the most out of your training, improve your technique, tactics, and fitness, and experience padel up close.<\/p>\n\n\n\n<div class=\"wp-block-columns is-layout-flex wp-container-core-columns-is-layout-9d6595d7 wp-block-columns-is-layout-flex\">\n<div class=\"wp-block-column has-background is-layout-flow wp-block-column-is-layout-flow\" style=\"background-color:#eaf4ff\">\n<h2 class=\"wp-block-heading has-text-align-center\"><strong><a href=\"https:\/\/www.playpadel1.com\/en\/trenersky-kurz-padelu\/\">Coaching courses<\/a><\/strong><\/h2>\n\n\n\n<h3 class=\"wp-block-heading has-text-align-center\" style=\"font-size:15px\"><strong>\ud83c\udf93Coaching Courses (\u010cPF) <\/strong><\/h3>\n\n\n\n<p class=\"has-text-align-center\" style=\"font-size:15px\">Licences C and B under the guidance of a coach with 15 years of experience in Spain.<\/p>\n\n\n\n<div class=\"wp-block-buttons is-layout-flex wp-block-buttons-is-layout-flex\"><\/div>\n<\/div>\n\n\n\n<div class=\"wp-block-column has-background is-layout-flow wp-block-column-is-layout-flow\" style=\"background-color:#d6e1e9\">\n<h2 class=\"wp-block-heading has-text-align-center\"><strong><a href=\"https:\/\/www.playpadel1.com\/en\/soustredeni-zajezdy-a-padelove-pobyty-ve-spanelsku-kempy\/\">Padel Camps in Spain<\/a><\/strong><\/h2>\n\n\n\n<h3 class=\"wp-block-heading has-text-align-center\"><strong>\ud83c\udf34\u2013 Padel Stays in Spain<\/strong> <\/h3>\n\n\n\n<p class=\"has-text-align-center\">Intensive training stays in Andalusia.<\/p>\n\n\n\n<p><\/p>\n<\/div>\n\n\n\n<div class=\"wp-block-column has-background is-layout-flow wp-block-column-is-layout-flow\" style=\"background-color:#fff8e1\">\n<h2 class=\"wp-block-heading has-text-align-center\"><strong>Courses for players<\/strong><\/h2>\n\n\n\n<h3 class=\"wp-block-heading has-text-align-center\">\ud83c\udfbe<strong>Courses for players<\/strong> <\/h3>\n\n\n\n<p class=\"has-text-align-center\">Padel fundamentals, beginners, intermediate, advanced and profi players.<\/p>\n\n\n\n<p class=\"has-text-align-center\"><\/p>\n<\/div>\n<\/div>\n\n\n\n<p><\/p>\n\n\n\n<figure class=\"wp-block-gallery has-nested-images columns-default is-cropped wp-block-gallery-1 is-layout-flex wp-block-gallery-is-layout-flex\">\n<figure class=\"wp-block-image size-large\"><img loading=\"lazy\" decoding=\"async\" width=\"1024\" height=\"768\" data-id=\"1758\" src=\"https:\/\/www.playpadel1.com\/wp-content\/uploads\/2025\/06\/padelkemp-rincon-O-1024x768.jpg\" alt=\"padel camp rinc\u00f3n de la victoria\" class=\"wp-image-1758\" srcset=\"https:\/\/www.playpadel1.com\/wp-content\/uploads\/2025\/06\/padelkemp-rincon-O-1024x768.jpg 1024w, https:\/\/www.playpadel1.com\/wp-content\/uploads\/2025\/06\/padelkemp-rincon-O-300x225.jpg 300w, https:\/\/www.playpadel1.com\/wp-content\/uploads\/2025\/06\/padelkemp-rincon-O-768x576.jpg 768w, https:\/\/www.playpadel1.com\/wp-content\/uploads\/2025\/06\/padelkemp-rincon-O-1536x1152.jpg 1536w, https:\/\/www.playpadel1.com\/wp-content\/uploads\/2025\/06\/padelkemp-rincon-O.jpg 2048w\" sizes=\"auto, (max-width: 1024px) 100vw, 1024px\" \/><\/figure>\n\n\n\n<figure class=\"wp-block-image size-large\"><img loading=\"lazy\" decoding=\"async\" width=\"768\" height=\"1024\" data-id=\"1491\" src=\"https:\/\/www.playpadel1.com\/wp-content\/uploads\/2024\/05\/IMG-20240420-WA0061-768x1024.jpg\" alt=\"\" class=\"wp-image-1491\" srcset=\"https:\/\/www.playpadel1.com\/wp-content\/uploads\/2024\/05\/IMG-20240420-WA0061-768x1024.jpg 768w, https:\/\/www.playpadel1.com\/wp-content\/uploads\/2024\/05\/IMG-20240420-WA0061-225x300.jpg 225w, https:\/\/www.playpadel1.com\/wp-content\/uploads\/2024\/05\/IMG-20240420-WA0061-1152x1536.jpg 1152w, https:\/\/www.playpadel1.com\/wp-content\/uploads\/2024\/05\/IMG-20240420-WA0061-1536x2048.jpg 1536w, https:\/\/www.playpadel1.com\/wp-content\/uploads\/2024\/05\/IMG-20240420-WA0061-scaled.jpg 1920w\" sizes=\"auto, (max-width: 768px) 100vw, 768px\" \/><\/figure>\n\n\n\n<figure class=\"wp-block-image size-large\"><img loading=\"lazy\" decoding=\"async\" width=\"768\" height=\"1024\" data-id=\"1638\" src=\"https:\/\/www.playpadel1.com\/wp-content\/uploads\/2024\/09\/Obrazek-WhatsApp-2024-09-02-v-11.20.20_127f490b-2-768x1024.jpg\" alt=\"\" class=\"wp-image-1638\" srcset=\"https:\/\/www.playpadel1.com\/wp-content\/uploads\/2024\/09\/Obrazek-WhatsApp-2024-09-02-v-11.20.20_127f490b-2-768x1024.jpg 768w, https:\/\/www.playpadel1.com\/wp-content\/uploads\/2024\/09\/Obrazek-WhatsApp-2024-09-02-v-11.20.20_127f490b-2-225x300.jpg 225w, https:\/\/www.playpadel1.com\/wp-content\/uploads\/2024\/09\/Obrazek-WhatsApp-2024-09-02-v-11.20.20_127f490b-2-1152x1536.jpg 1152w, https:\/\/www.playpadel1.com\/wp-content\/uploads\/2024\/09\/Obrazek-WhatsApp-2024-09-02-v-11.20.20_127f490b-2.jpg 1200w\" sizes=\"auto, (max-width: 768px) 100vw, 768px\" \/><\/figure>\n\n\n\n<figure class=\"wp-block-image size-large\"><img loading=\"lazy\" decoding=\"async\" width=\"1024\" height=\"768\" data-id=\"1670\" src=\"https:\/\/www.playpadel1.com\/wp-content\/uploads\/2024\/11\/IMG-20240323-WA0025-1024x768.jpg\" alt=\"\" class=\"wp-image-1670\" srcset=\"https:\/\/www.playpadel1.com\/wp-content\/uploads\/2024\/11\/IMG-20240323-WA0025-1024x768.jpg 1024w, https:\/\/www.playpadel1.com\/wp-content\/uploads\/2024\/11\/IMG-20240323-WA0025-300x225.jpg 300w, https:\/\/www.playpadel1.com\/wp-content\/uploads\/2024\/11\/IMG-20240323-WA0025-768x576.jpg 768w, https:\/\/www.playpadel1.com\/wp-content\/uploads\/2024\/11\/IMG-20240323-WA0025-1536x1152.jpg 1536w, https:\/\/www.playpadel1.com\/wp-content\/uploads\/2024\/11\/IMG-20240323-WA0025.jpg 2000w\" sizes=\"auto, (max-width: 1024px) 100vw, 1024px\" \/><\/figure>\n\n\n\n<figure class=\"wp-block-image size-large\"><img loading=\"lazy\" decoding=\"async\" width=\"1024\" height=\"576\" data-id=\"1669\" src=\"https:\/\/www.playpadel1.com\/wp-content\/uploads\/2024\/11\/IMG_20240317_151406-1024x576.jpg\" alt=\"\" class=\"wp-image-1669\" srcset=\"https:\/\/www.playpadel1.com\/wp-content\/uploads\/2024\/11\/IMG_20240317_151406-1024x576.jpg 1024w, https:\/\/www.playpadel1.com\/wp-content\/uploads\/2024\/11\/IMG_20240317_151406-300x169.jpg 300w, https:\/\/www.playpadel1.com\/wp-content\/uploads\/2024\/11\/IMG_20240317_151406-768x432.jpg 768w, https:\/\/www.playpadel1.com\/wp-content\/uploads\/2024\/11\/IMG_20240317_151406-rotated.jpg 1280w\" sizes=\"auto, (max-width: 1024px) 100vw, 1024px\" \/><\/figure>\n\n\n\n<figure class=\"wp-block-image size-large\"><img loading=\"lazy\" decoding=\"async\" width=\"1024\" height=\"768\" data-id=\"1266\" src=\"https:\/\/www.playpadel1.com\/wp-content\/uploads\/2022\/10\/IMG-20221004-WA0023-1-1024x768.jpg\" alt=\"\" class=\"wp-image-1266\" srcset=\"https:\/\/www.playpadel1.com\/wp-content\/uploads\/2022\/10\/IMG-20221004-WA0023-1-1024x768.jpg 1024w, https:\/\/www.playpadel1.com\/wp-content\/uploads\/2022\/10\/IMG-20221004-WA0023-1-300x225.jpg 300w, https:\/\/www.playpadel1.com\/wp-content\/uploads\/2022\/10\/IMG-20221004-WA0023-1-768x576.jpg 768w, https:\/\/www.playpadel1.com\/wp-content\/uploads\/2022\/10\/IMG-20221004-WA0023-1-1536x1152.jpg 1536w, https:\/\/www.playpadel1.com\/wp-content\/uploads\/2022\/10\/IMG-20221004-WA0023-1.jpg 2048w\" sizes=\"auto, (max-width: 1024px) 100vw, 1024px\" \/><\/figure>\n\n\n\n<figure class=\"wp-block-image size-large\"><img loading=\"lazy\" decoding=\"async\" width=\"768\" height=\"1024\" data-id=\"1120\" src=\"https:\/\/www.playpadel1.com\/wp-content\/uploads\/2022\/03\/IMG-20220312-WA0027-768x1024.jpg\" alt=\"\" class=\"wp-image-1120\" srcset=\"https:\/\/www.playpadel1.com\/wp-content\/uploads\/2022\/03\/IMG-20220312-WA0027-768x1024.jpg 768w, https:\/\/www.playpadel1.com\/wp-content\/uploads\/2022\/03\/IMG-20220312-WA0027-225x300.jpg 225w, https:\/\/www.playpadel1.com\/wp-content\/uploads\/2022\/03\/IMG-20220312-WA0027-1152x1536.jpg 1152w, https:\/\/www.playpadel1.com\/wp-content\/uploads\/2022\/03\/IMG-20220312-WA0027.jpg 1536w\" sizes=\"auto, (max-width: 768px) 100vw, 768px\" \/><\/figure>\n\n\n\n<figure class=\"wp-block-image size-large\"><img decoding=\"async\" data-id=\"1607\" src=\"https:\/\/www.playpadel1.com\/wp-content\/uploads\/2024\/09\/Padel_0902_Aft-88.jpg\" alt=\"\" class=\"wp-image-1607\"\/><\/figure>\n\n\n\n<figure class=\"wp-block-image size-large\"><img loading=\"lazy\" decoding=\"async\" width=\"768\" height=\"1024\" data-id=\"1478\" src=\"https:\/\/www.playpadel1.com\/wp-content\/uploads\/2024\/05\/IMG-20240414-WA0050-768x1024.jpg\" alt=\"\" class=\"wp-image-1478\" srcset=\"https:\/\/www.playpadel1.com\/wp-content\/uploads\/2024\/05\/IMG-20240414-WA0050-768x1024.jpg 768w, https:\/\/www.playpadel1.com\/wp-content\/uploads\/2024\/05\/IMG-20240414-WA0050-225x300.jpg 225w, https:\/\/www.playpadel1.com\/wp-content\/uploads\/2024\/05\/IMG-20240414-WA0050-1152x1536.jpg 1152w, https:\/\/www.playpadel1.com\/wp-content\/uploads\/2024\/05\/IMG-20240414-WA0050.jpg 1200w\" sizes=\"auto, (max-width: 768px) 100vw, 768px\" \/><\/figure>\n\n\n\n<figure class=\"wp-block-image size-large\"><img loading=\"lazy\" decoding=\"async\" width=\"1024\" height=\"768\" data-id=\"1265\" src=\"https:\/\/www.playpadel1.com\/wp-content\/uploads\/2022\/10\/IMG-20221002-WA0016-2-1024x768.jpg\" alt=\"\" class=\"wp-image-1265\" srcset=\"https:\/\/www.playpadel1.com\/wp-content\/uploads\/2022\/10\/IMG-20221002-WA0016-2-1024x768.jpg 1024w, https:\/\/www.playpadel1.com\/wp-content\/uploads\/2022\/10\/IMG-20221002-WA0016-2-300x225.jpg 300w, https:\/\/www.playpadel1.com\/wp-content\/uploads\/2022\/10\/IMG-20221002-WA0016-2-768x576.jpg 768w, https:\/\/www.playpadel1.com\/wp-content\/uploads\/2022\/10\/IMG-20221002-WA0016-2-1536x1152.jpg 1536w, https:\/\/www.playpadel1.com\/wp-content\/uploads\/2022\/10\/IMG-20221002-WA0016-2.jpg 2048w\" sizes=\"auto, (max-width: 1024px) 100vw, 1024px\" \/><\/figure>\n<\/figure>","protected":false},"excerpt":{"rendered":"Od v\u00e1\u0161n\u011b k profesionalit\u011b Padelov\u00e1 akademie PLAYPADEL1 se zrodila z l\u00e1sky ke sportu, kterou do n\u00ed vlo\u017eil jej\u00ed zakladatel Mgr. Marek \u0160vejnoha. Jako \n<a class=\"moretag\" href=\"https:\/\/www.playpadel1.com\/en\/\"> <\/a>","protected":false},"author":3,"featured_media":0,"parent":0,"menu_order":0,"comment_status":"closed","ping_status":"closed","template":"","meta":{"footnotes":""},"class_list":["post-1793","page","type-page","status-publish","hentry"],"yoast_head":"<!-- This site is optimized with the Yoast SEO plugin v27.4 - https:\/\/yoast.com\/product\/yoast-seo-wordpress\/ -->\n<title>Playpadel1 Academy - PLAYPADEL1<\/title>\n<meta name=\"description\" content=\"padelov\u00e1 akademie, padelov\u00e1 \u0161kola,tren\u00e9rsk\u00e9 kurzy a \u0161kolen\u00ed, padel v \u010desk\u00e9 republice, padel ve \u0161pan\u011blsku, padelov\u00e9 z\u00e1jezda a soust\u0159ed\u011bn\u00ed,\" \/>\n<meta name=\"robots\" content=\"index, follow, max-snippet:-1, max-image-preview:large, max-video-preview:-1\" \/>\n<link rel=\"canonical\" href=\"https:\/\/www.playpadel1.com\/en\/\" \/>\n<meta property=\"og:locale\" content=\"en_GB\" \/>\n<meta property=\"og:type\" content=\"article\" \/>\n<meta property=\"og:title\" content=\"Playpadel1 Academy - PLAYPADEL1\" \/>\n<meta property=\"og:description\" content=\"padelov\u00e1 akademie, padelov\u00e1 \u0161kola,tren\u00e9rsk\u00e9 kurzy a \u0161kolen\u00ed, padel v \u010desk\u00e9 republice, padel ve \u0161pan\u011blsku, padelov\u00e9 z\u00e1jezda a soust\u0159ed\u011bn\u00ed,\" \/>\n<meta property=\"og:url\" content=\"https:\/\/www.playpadel1.com\/en\/\" \/>\n<meta property=\"og:site_name\" content=\"PLAYPADEL1\" \/>\n<meta property=\"article:publisher\" content=\"https:\/\/www.facebook.com\/Playpadel1\/\" \/>\n<meta property=\"article:modified_time\" content=\"2026-01-04T19:42:34+00:00\" \/>\n<meta property=\"og:image\" content=\"https:\/\/www.playpadel1.com\/wp-content\/uploads\/2025\/02\/LOGO-PADEL-FINAL-e1769605285564.png\" \/>\n\t<meta property=\"og:image:width\" content=\"1600\" \/>\n\t<meta property=\"og:image:height\" content=\"1132\" \/>\n\t<meta property=\"og:image:type\" content=\"image\/png\" \/>\n<meta name=\"twitter:card\" content=\"summary_large_image\" \/>\n<meta name=\"twitter:label1\" content=\"Estimated reading time\" \/>\n\t<meta name=\"twitter:data1\" content=\"4 minutes\" \/>\n<script type=\"application\/ld+json\" class=\"yoast-schema-graph\">{\"@context\":\"https:\\\/\\\/schema.org\",\"@graph\":[{\"@type\":\"WebPage\",\"@id\":\"https:\\\/\\\/www.playpadel1.com\\\/\",\"url\":\"https:\\\/\\\/www.playpadel1.com\\\/\",\"name\":\"Playpadel1 Academy - PLAYPADEL1\",\"isPartOf\":{\"@id\":\"https:\\\/\\\/www.playpadel1.com\\\/#website\"},\"primaryImageOfPage\":{\"@id\":\"https:\\\/\\\/www.playpadel1.com\\\/#primaryimage\"},\"image\":{\"@id\":\"https:\\\/\\\/www.playpadel1.com\\\/#primaryimage\"},\"thumbnailUrl\":\"https:\\\/\\\/www.playpadel1.com\\\/wp-content\\\/uploads\\\/2025\\\/02\\\/LOGO-PADEL-FINAL-1024x724.png\",\"datePublished\":\"2025-09-22T17:14:52+00:00\",\"dateModified\":\"2026-01-04T19:42:34+00:00\",\"description\":\"padelov\u00e1 akademie, padelov\u00e1 \u0161kola,tren\u00e9rsk\u00e9 kurzy a \u0161kolen\u00ed, padel v \u010desk\u00e9 republice, padel ve \u0161pan\u011blsku, padelov\u00e9 z\u00e1jezda a soust\u0159ed\u011bn\u00ed,\",\"breadcrumb\":{\"@id\":\"https:\\\/\\\/www.playpadel1.com\\\/#breadcrumb\"},\"inLanguage\":\"en-GB\",\"potentialAction\":[{\"@type\":\"ReadAction\",\"target\":[\"https:\\\/\\\/www.playpadel1.com\\\/\"]}]},{\"@type\":\"ImageObject\",\"inLanguage\":\"en-GB\",\"@id\":\"https:\\\/\\\/www.playpadel1.com\\\/#primaryimage\",\"url\":\"https:\\\/\\\/www.playpadel1.com\\\/wp-content\\\/uploads\\\/2025\\\/02\\\/LOGO-PADEL-FINAL-1024x724.png\",\"contentUrl\":\"https:\\\/\\\/www.playpadel1.com\\\/wp-content\\\/uploads\\\/2025\\\/02\\\/LOGO-PADEL-FINAL-1024x724.png\"},{\"@type\":\"BreadcrumbList\",\"@id\":\"https:\\\/\\\/www.playpadel1.com\\\/#breadcrumb\",\"itemListElement\":[{\"@type\":\"ListItem\",\"position\":1,\"name\":\"Home\",\"item\":\"https:\\\/\\\/www.playpadel1.com\\\/\"},{\"@type\":\"ListItem\",\"position\":2,\"name\":\"Playpadel1 Academy\"}]},{\"@type\":\"WebSite\",\"@id\":\"https:\\\/\\\/www.playpadel1.com\\\/#website\",\"url\":\"https:\\\/\\\/www.playpadel1.com\\\/\",\"name\":\"PLAYPADEL1\",\"description\":\"Padelov\u00e1 Akademie, padel academy, padelov\u00e1 \u0161kola, escuela de padel, padel shule\",\"publisher\":{\"@id\":\"https:\\\/\\\/www.playpadel1.com\\\/#organization\"},\"potentialAction\":[{\"@type\":\"SearchAction\",\"target\":{\"@type\":\"EntryPoint\",\"urlTemplate\":\"https:\\\/\\\/www.playpadel1.com\\\/?s={search_term_string}\"},\"query-input\":{\"@type\":\"PropertyValueSpecification\",\"valueRequired\":true,\"valueName\":\"search_term_string\"}}],\"inLanguage\":\"en-GB\"},{\"@type\":\"Organization\",\"@id\":\"https:\\\/\\\/www.playpadel1.com\\\/#organization\",\"name\":\"PLAYPADEL1\",\"url\":\"https:\\\/\\\/www.playpadel1.com\\\/\",\"logo\":{\"@type\":\"ImageObject\",\"inLanguage\":\"en-GB\",\"@id\":\"https:\\\/\\\/www.playpadel1.com\\\/#\\\/schema\\\/logo\\\/image\\\/\",\"url\":\"https:\\\/\\\/www.playpadel1.com\\\/wp-content\\\/uploads\\\/2020\\\/02\\\/playpadel1-1-e1582124860101.png\",\"contentUrl\":\"https:\\\/\\\/www.playpadel1.com\\\/wp-content\\\/uploads\\\/2020\\\/02\\\/playpadel1-1-e1582124860101.png\",\"width\":320,\"height\":120,\"caption\":\"PLAYPADEL1\"},\"image\":{\"@id\":\"https:\\\/\\\/www.playpadel1.com\\\/#\\\/schema\\\/logo\\\/image\\\/\"},\"sameAs\":[\"https:\\\/\\\/www.facebook.com\\\/Playpadel1\\\/\",\"https:\\\/\\\/www.instagram.com\\\/playpadel1\\\/\"]}]}<\/script>\n<!-- \/ Yoast SEO plugin. -->","yoast_head_json":{"title":"Playpadel1 Academy - PLAYPADEL1","description":"padelov\u00e1 akademie, padelov\u00e1 \u0161kola,tren\u00e9rsk\u00e9 kurzy a \u0161kolen\u00ed, padel v \u010desk\u00e9 republice, padel ve \u0161pan\u011blsku, padelov\u00e9 z\u00e1jezda a soust\u0159ed\u011bn\u00ed,","robots":{"index":"index","follow":"follow","max-snippet":"max-snippet:-1","max-image-preview":"max-image-preview:large","max-video-preview":"max-video-preview:-1"},"canonical":"https:\/\/www.playpadel1.com\/en\/","og_locale":"en_GB","og_type":"article","og_title":"Playpadel1 Academy - PLAYPADEL1","og_description":"padelov\u00e1 akademie, padelov\u00e1 \u0161kola,tren\u00e9rsk\u00e9 kurzy a \u0161kolen\u00ed, padel v \u010desk\u00e9 republice, padel ve \u0161pan\u011blsku, padelov\u00e9 z\u00e1jezda a soust\u0159ed\u011bn\u00ed,","og_url":"https:\/\/www.playpadel1.com\/en\/","og_site_name":"PLAYPADEL1","article_publisher":"https:\/\/www.facebook.com\/Playpadel1\/","article_modified_time":"2026-01-04T19:42:34+00:00","og_image":[{"width":1600,"height":1132,"url":"https:\/\/www.playpadel1.com\/wp-content\/uploads\/2025\/02\/LOGO-PADEL-FINAL-e1769605285564.png","type":"image\/png"}],"twitter_card":"summary_large_image","twitter_misc":{"Estimated reading time":"4 minutes"},"schema":{"@context":"https:\/\/schema.org","@graph":[{"@type":"WebPage","@id":"https:\/\/www.playpadel1.com\/","url":"https:\/\/www.playpadel1.com\/","name":"Playpadel1 Academy - PLAYPADEL1","isPartOf":{"@id":"https:\/\/www.playpadel1.com\/#website"},"primaryImageOfPage":{"@id":"https:\/\/www.playpadel1.com\/#primaryimage"},"image":{"@id":"https:\/\/www.playpadel1.com\/#primaryimage"},"thumbnailUrl":"https:\/\/www.playpadel1.com\/wp-content\/uploads\/2025\/02\/LOGO-PADEL-FINAL-1024x724.png","datePublished":"2025-09-22T17:14:52+00:00","dateModified":"2026-01-04T19:42:34+00:00","description":"padelov\u00e1 akademie, padelov\u00e1 \u0161kola,tren\u00e9rsk\u00e9 kurzy a \u0161kolen\u00ed, padel v \u010desk\u00e9 republice, padel ve \u0161pan\u011blsku, padelov\u00e9 z\u00e1jezda a soust\u0159ed\u011bn\u00ed,","breadcrumb":{"@id":"https:\/\/www.playpadel1.com\/#breadcrumb"},"inLanguage":"en-GB","potentialAction":[{"@type":"ReadAction","target":["https:\/\/www.playpadel1.com\/"]}]},{"@type":"ImageObject","inLanguage":"en-GB","@id":"https:\/\/www.playpadel1.com\/#primaryimage","url":"https:\/\/www.playpadel1.com\/wp-content\/uploads\/2025\/02\/LOGO-PADEL-FINAL-1024x724.png","contentUrl":"https:\/\/www.playpadel1.com\/wp-content\/uploads\/2025\/02\/LOGO-PADEL-FINAL-1024x724.png"},{"@type":"BreadcrumbList","@id":"https:\/\/www.playpadel1.com\/#breadcrumb","itemListElement":[{"@type":"ListItem","position":1,"name":"Home","item":"https:\/\/www.playpadel1.com\/"},{"@type":"ListItem","position":2,"name":"Playpadel1 Academy"}]},{"@type":"WebSite","@id":"https:\/\/www.playpadel1.com\/#website","url":"https:\/\/www.playpadel1.com\/","name":"PLAYPADEL1","description":"Padelov\u00e1 Akademie, padel academy, padelov\u00e1 \u0161kola, escuela de padel, padel shule","publisher":{"@id":"https:\/\/www.playpadel1.com\/#organization"},"potentialAction":[{"@type":"SearchAction","target":{"@type":"EntryPoint","urlTemplate":"https:\/\/www.playpadel1.com\/?s={search_term_string}"},"query-input":{"@type":"PropertyValueSpecification","valueRequired":true,"valueName":"search_term_string"}}],"inLanguage":"en-GB"},{"@type":"Organization","@id":"https:\/\/www.playpadel1.com\/#organization","name":"PLAYPADEL1","url":"https:\/\/www.playpadel1.com\/","logo":{"@type":"ImageObject","inLanguage":"en-GB","@id":"https:\/\/www.playpadel1.com\/#\/schema\/logo\/image\/","url":"https:\/\/www.playpadel1.com\/wp-content\/uploads\/2020\/02\/playpadel1-1-e1582124860101.png","contentUrl":"https:\/\/www.playpadel1.com\/wp-content\/uploads\/2020\/02\/playpadel1-1-e1582124860101.png","width":320,"height":120,"caption":"PLAYPADEL1"},"image":{"@id":"https:\/\/www.playpadel1.com\/#\/schema\/logo\/image\/"},"sameAs":["https:\/\/www.facebook.com\/Playpadel1\/","https:\/\/www.instagram.com\/playpadel1\/"]}]}},"_links":{"self":[{"href":"https:\/\/www.playpadel1.com\/en\/wp-json\/wp\/v2\/pages\/1793","targetHints":{"allow":["GET"]}}],"collection":[{"href":"https:\/\/www.playpadel1.com\/en\/wp-json\/wp\/v2\/pages"}],"about":[{"href":"https:\/\/www.playpadel1.com\/en\/wp-json\/wp\/v2\/types\/page"}],"author":[{"embeddable":true,"href":"https:\/\/www.playpadel1.com\/en\/wp-json\/wp\/v2\/users\/3"}],"replies":[{"embeddable":true,"href":"https:\/\/www.playpadel1.com\/en\/wp-json\/wp\/v2\/comments?post=1793"}],"version-history":[{"count":4,"href":"https:\/\/www.playpadel1.com\/en\/wp-json\/wp\/v2\/pages\/1793\/revisions"}],"predecessor-version":[{"id":1895,"href":"https:\/\/www.playpadel1.com\/en\/wp-json\/wp\/v2\/pages\/1793\/revisions\/1895"}],"wp:attachment":[{"href":"https:\/\/www.playpadel1.com\/en\/wp-json\/wp\/v2\/media?parent=1793"}],"curies":[{"name":"wp","href":"https:\/\/api.w.org\/{rel}","templated":true}]}}