{"id":175,"date":"2026-01-04T17:48:09","date_gmt":"2026-01-04T17:48:09","guid":{"rendered":"https:\/\/playpadel1.com\/\/?page_id=175"},"modified":"2026-02-07T12:38:37","modified_gmt":"2026-02-07T12:38:37","slug":"soustredeni-zajezdy-a-padelove-pobyty-ve-spanelsku-kempy","status":"publish","type":"page","link":"https:\/\/www.playpadel1.com\/en\/soustredeni-zajezdy-a-padelove-pobyty-ve-spanelsku-kempy\/","title":{"rendered":"Padel Camps in Spain"},"content":{"rendered":"<p>Our padel camps in Spain are designed for players who want intensive training, high\u2011quality sparring, and professional coaching<\/p>\n\n\n\n<h2 class=\"wp-block-heading\"><strong>Train padel where the sport truly comes alive.<\/strong> <\/h2>\n\n\n\n<p>Padel training camps in Spain for small groups, clubs, and professional players \u2014 led by Marek \u0160vejnoha, Head Coach of the Czech national team, holder of <strong>holder of the highest Spanish coaching licence.<\/strong> and a coach with more than 15 years of experience in Spain.<\/p>\n\n\n\n<h2 class=\"wp-block-heading\"><strong>Why train padel with us<\/strong><\/h2>\n\n\n\n<ul class=\"wp-block-list\">\n<li>Over 300 sunny days a year<\/li>\n\n\n\n<li>A home base just outside M\u00e1laga, easily accessible with direct flights from all over Europe<\/li>\n\n\n\n<li>Professional coaching built on modern training methods from leading Spanish academies.<\/li>\n\n\n\n<li>A friendly atmosphere with a truly personalised approach<\/li>\n\n\n\n<li>The perfect setting for fast, noticeable improvement<\/li>\n<\/ul>\n\n\n\n<h2 class=\"wp-block-heading\">Choose your camp experience<\/h2>\n\n\n\n<h3 class=\"wp-block-heading\"><strong>Padel Training Camp (5\u201312 players)<\/strong><\/h3>\n\n\n\n<p>\ud83d\udccd<a href=\"https:\/\/www.anoretaresort.com\/actividades\/padel\/\"> Rinc\u00f3n de la Victoria<\/a><\/p>\n\n\n\n<p>For smaller groups who want to train together in an authentic Spanish environment. Ideal for a group of friends, a club team, or any squad looking for an intensive training program in a friendly atmosphere.<\/p>\n\n\n\n<div class=\"wp-block-buttons is-layout-flex wp-block-buttons-is-layout-flex\">\n<div class=\"wp-block-button\"><a class=\"wp-block-button__link has-black-color has-vivid-cyan-blue-background-color has-text-color has-background has-link-color wp-element-button\">Details of the camp <\/a><\/div>\n<\/div>\n\n\n\n<div style=\"height:30px\" aria-hidden=\"true\" class=\"wp-block-spacer\"><\/div>\n\n\n\n<figure class=\"wp-block-image size-large is-resized\"><img loading=\"lazy\" decoding=\"async\" width=\"2048\" height=\"1365\" src=\"https:\/\/www.playpadel1.com\/wp-content\/uploads\/2026\/01\/padelkemp-rincon-O-edited.jpg\" alt=\"padel camp rinc\u00f3n de la victoria\" class=\"wp-image-1875\" style=\"aspect-ratio:1.5003760969494357;width:469px;height:auto\" srcset=\"https:\/\/www.playpadel1.com\/wp-content\/uploads\/2026\/01\/padelkemp-rincon-O-edited.jpg 2048w, https:\/\/www.playpadel1.com\/wp-content\/uploads\/2026\/01\/padelkemp-rincon-O-edited-300x200.jpg 300w, https:\/\/www.playpadel1.com\/wp-content\/uploads\/2026\/01\/padelkemp-rincon-O-edited-1024x683.jpg 1024w, https:\/\/www.playpadel1.com\/wp-content\/uploads\/2026\/01\/padelkemp-rincon-O-edited-768x512.jpg 768w, https:\/\/www.playpadel1.com\/wp-content\/uploads\/2026\/01\/padelkemp-rincon-O-edited-1536x1024.jpg 1536w\" sizes=\"auto, (max-width: 2048px) 100vw, 2048px\" \/><\/figure>\n\n\n\n<h2 class=\"wp-block-heading\"><strong>Padel Camp (24\u201332 players)<\/strong><\/h2>\n\n\n\n<p>\ud83d\udccd Fuengirola<\/p>\n\n\n\n<p>For clubs and larger groups. A structured training program with certified coaches, multiple courts, and the ideal setup for a full team training camp. A great choice for those who want to train intensively while also meeting new people.<\/p>\n\n\n\n<div class=\"wp-block-buttons is-layout-flex wp-block-buttons-is-layout-flex\">\n<div class=\"wp-block-button\"><a class=\"wp-block-button__link has-black-color has-vivid-cyan-blue-background-color has-text-color has-background has-link-color wp-element-button\" href=\"https:\/\/www.playpadel1.com\/en\/padel-camp-ve-spanelsku\/\"> Camp overview<\/a><\/div>\n<\/div>\n\n\n\n<div style=\"height:30px\" aria-hidden=\"true\" class=\"wp-block-spacer\"><\/div>\n\n\n\n<figure class=\"wp-block-image size-large is-resized\"><img loading=\"lazy\" decoding=\"async\" width=\"1024\" height=\"390\" src=\"https:\/\/www.playpadel1.com\/wp-content\/uploads\/2026\/01\/padelcamp-Fuengirola-2-1024x390.jpg\" alt=\"\" class=\"wp-image-1873\" style=\"width:567px;height:auto\" title=\"padel camp\" srcset=\"https:\/\/www.playpadel1.com\/wp-content\/uploads\/2026\/01\/padelcamp-Fuengirola-2-1024x390.jpg 1024w, https:\/\/www.playpadel1.com\/wp-content\/uploads\/2026\/01\/padelcamp-Fuengirola-2-300x114.jpg 300w, https:\/\/www.playpadel1.com\/wp-content\/uploads\/2026\/01\/padelcamp-Fuengirola-2-768x293.jpg 768w, https:\/\/www.playpadel1.com\/wp-content\/uploads\/2026\/01\/padelcamp-Fuengirola-2-1536x585.jpg 1536w, https:\/\/www.playpadel1.com\/wp-content\/uploads\/2026\/01\/padelcamp-Fuengirola-2-2048x780.jpg 2048w\" sizes=\"auto, (max-width: 1024px) 100vw, 1024px\" \/><\/figure>\n\n\n\n<h2 class=\"wp-block-heading\"><strong>Pro Training Program (1\u20134 players)<\/strong><\/h2>\n\n\n\n<p>\ud83d\udccd Rinc\u00f3n de la Victoria Intenzivn\u00ed individu\u00e1ln\u00ed tr\u00e9nink pro hr\u00e1\u010de, kte\u0159\u00ed cht\u011bj\u00ed rychl\u00fd progres. Profesion\u00e1ln\u00ed veden\u00ed, sparingy a tr\u00e9ninkov\u00e9 bloky na m\u00edru \u2014 ide\u00e1ln\u00ed pro ty, kte\u0159\u00ed cht\u011bj\u00ed posunout svou hru na vy\u0161\u0161\u00ed \u00farove\u0148.<\/p>\n\n\n\n<div class=\"wp-block-buttons is-layout-flex wp-block-buttons-is-layout-flex\">\n<div class=\"wp-block-button\"><a class=\"wp-block-button__link has-black-color has-vivid-cyan-blue-background-color has-text-color has-background has-link-color wp-element-button\">  \u201cProgram overview <\/a><\/div>\n<\/div>\n\n\n\n<div style=\"height:30px\" aria-hidden=\"true\" class=\"wp-block-spacer\"><\/div>\n\n\n\n<figure class=\"wp-block-image size-large is-resized\"><img loading=\"lazy\" decoding=\"async\" width=\"1200\" height=\"800\" src=\"https:\/\/www.playpadel1.com\/wp-content\/uploads\/2026\/01\/intenzivnitreninkyspanelskop-edited-1.jpg\" alt=\"padelov\u00e9 pobyty pro men\u0161\u00ed skupiny Rinc\u00f3n de la Victoria\" class=\"wp-image-1876\" style=\"aspect-ratio:1.5000237225411586;width:409px;height:auto\" title=\"Padel pobyt \" srcset=\"https:\/\/www.playpadel1.com\/wp-content\/uploads\/2026\/01\/intenzivnitreninkyspanelskop-edited-1.jpg 1200w, https:\/\/www.playpadel1.com\/wp-content\/uploads\/2026\/01\/intenzivnitreninkyspanelskop-edited-1-300x200.jpg 300w, https:\/\/www.playpadel1.com\/wp-content\/uploads\/2026\/01\/intenzivnitreninkyspanelskop-edited-1-1024x683.jpg 1024w, https:\/\/www.playpadel1.com\/wp-content\/uploads\/2026\/01\/intenzivnitreninkyspanelskop-edited-1-768x512.jpg 768w\" sizes=\"auto, (max-width: 1200px) 100vw, 1200px\" \/><\/figure>\n\n\n\n<p>Our padel camps in Spain combine high\u2011quality training, great weather, and the unique atmosphere of the local padel culture. We train in Fuengirola and Rinc\u00f3n de la Victoria, where you\u2019ll find ideal conditions for rapid on\u2011court progress as well as relaxing by the sea<\/p>\n\n\n\n<p>\u201c\ud83d\udc49 Want to book a date or request a non\u2011binding offer? Write to <strong><a href=\"mailto:info@playpadel1.com\">info@playpadel1.com<\/a><\/strong> and we\u2019ll prepare the camp according to your needs.<\/p>\n\n\n\n<ul class=\"wp-block-social-links is-layout-flex wp-block-social-links-is-layout-flex\"><li class=\"wp-social-link wp-social-link-facebook  wp-block-social-link\"><a href=\"https:\/\/www.facebook.com\/Playpadel1\/\" class=\"wp-block-social-link-anchor\"><svg width=\"24\" height=\"24\" viewbox=\"0 0 24 24\" version=\"1.1\" xmlns=\"http:\/\/www.w3.org\/2000\/svg\" aria-hidden=\"true\" focusable=\"false\"><path d=\"M12 2C6.5 2 2 6.5 2 12c0 5 3.7 9.1 8.4 9.9v-7H7.9V12h2.5V9.8c0-2.5 1.5-3.9 3.8-3.9 1.1 0 2.2.2 2.2.2v2.5h-1.3c-1.2 0-1.6.8-1.6 1.6V12h2.8l-.4 2.9h-2.3v7C18.3 21.1 22 17 22 12c0-5.5-4.5-10-10-10z\"><\/path><\/svg><span class=\"wp-block-social-link-label screen-reader-text\">Facebook<\/span><\/a><\/li>\n\n<li class=\"wp-social-link wp-social-link-instagram  wp-block-social-link\"><a href=\"https:\/\/www.instagram.com\/Playpadel1\/\" class=\"wp-block-social-link-anchor\"><svg width=\"24\" height=\"24\" viewbox=\"0 0 24 24\" version=\"1.1\" xmlns=\"http:\/\/www.w3.org\/2000\/svg\" aria-hidden=\"true\" focusable=\"false\"><path d=\"M12,4.622c2.403,0,2.688,0.009,3.637,0.052c0.877,0.04,1.354,0.187,1.671,0.31c0.42,0.163,0.72,0.358,1.035,0.673 c0.315,0.315,0.51,0.615,0.673,1.035c0.123,0.317,0.27,0.794,0.31,1.671c0.043,0.949,0.052,1.234,0.052,3.637 s-0.009,2.688-0.052,3.637c-0.04,0.877-0.187,1.354-0.31,1.671c-0.163,0.42-0.358,0.72-0.673,1.035 c-0.315,0.315-0.615,0.51-1.035,0.673c-0.317,0.123-0.794,0.27-1.671,0.31c-0.949,0.043-1.233,0.052-3.637,0.052 s-2.688-0.009-3.637-0.052c-0.877-0.04-1.354-0.187-1.671-0.31c-0.42-0.163-0.72-0.358-1.035-0.673 c-0.315-0.315-0.51-0.615-0.673-1.035c-0.123-0.317-0.27-0.794-0.31-1.671C4.631,14.688,4.622,14.403,4.622,12 s0.009-2.688,0.052-3.637c0.04-0.877,0.187-1.354,0.31-1.671c0.163-0.42,0.358-0.72,0.673-1.035 c0.315-0.315,0.615-0.51,1.035-0.673c0.317-0.123,0.794-0.27,1.671-0.31C9.312,4.631,9.597,4.622,12,4.622 M12,3 C9.556,3,9.249,3.01,8.289,3.054C7.331,3.098,6.677,3.25,6.105,3.472C5.513,3.702,5.011,4.01,4.511,4.511 c-0.5,0.5-0.808,1.002-1.038,1.594C3.25,6.677,3.098,7.331,3.054,8.289C3.01,9.249,3,9.556,3,12c0,2.444,0.01,2.751,0.054,3.711 c0.044,0.958,0.196,1.612,0.418,2.185c0.23,0.592,0.538,1.094,1.038,1.594c0.5,0.5,1.002,0.808,1.594,1.038 c0.572,0.222,1.227,0.375,2.185,0.418C9.249,20.99,9.556,21,12,21s2.751-0.01,3.711-0.054c0.958-0.044,1.612-0.196,2.185-0.418 c0.592-0.23,1.094-0.538,1.594-1.038c0.5-0.5,0.808-1.002,1.038-1.594c0.222-0.572,0.375-1.227,0.418-2.185 C20.99,14.751,21,14.444,21,12s-0.01-2.751-0.054-3.711c-0.044-0.958-0.196-1.612-0.418-2.185c-0.23-0.592-0.538-1.094-1.038-1.594 c-0.5-0.5-1.002-0.808-1.594-1.038c-0.572-0.222-1.227-0.375-2.185-0.418C14.751,3.01,14.444,3,12,3L12,3z M12,7.378 c-2.552,0-4.622,2.069-4.622,4.622S9.448,16.622,12,16.622s4.622-2.069,4.622-4.622S14.552,7.378,12,7.378z M12,15 c-1.657,0-3-1.343-3-3s1.343-3,3-3s3,1.343,3,3S13.657,15,12,15z M16.804,6.116c-0.596,0-1.08,0.484-1.08,1.08 s0.484,1.08,1.08,1.08c0.596,0,1.08-0.484,1.08-1.08S17.401,6.116,16.804,6.116z\"><\/path><\/svg><span class=\"wp-block-social-link-label screen-reader-text\">Instagram<\/span><\/a><\/li><\/ul>\n\n\n\n<h2 class=\"wp-block-heading\"><\/h2>\n\n\n\n<p><\/p>","protected":false},"excerpt":{"rendered":"Na\u0161e padelov\u00e9 pobyty ve \u0160pan\u011blsku jsou ur\u010den\u00e9 hr\u00e1\u010d\u016fm, kte\u0159\u00ed cht\u011bj\u00ed intenzivn\u00ed tr\u00e9nink, kvalitn\u00ed sparing a profesion\u00e1ln\u00ed veden\u00ed. Tr\u00e9nujte padel tam, kde padel opravdu \n<a class=\"moretag\" href=\"https:\/\/www.playpadel1.com\/en\/soustredeni-zajezdy-a-padelove-pobyty-ve-spanelsku-kempy\/\"> <\/a>","protected":false},"author":3,"featured_media":1672,"parent":0,"menu_order":0,"comment_status":"closed","ping_status":"closed","template":"","meta":{"footnotes":""},"class_list":["post-175","page","type-page","status-publish","has-post-thumbnail","hentry"],"yoast_head":"<!-- This site is optimized with the Yoast SEO plugin v27.4 - https:\/\/yoast.com\/product\/yoast-seo-wordpress\/ -->\n<title>Padelov\u00e9 pobyty ve \u0160pan\u011blsku \u2013 tr\u00e9ninky, kempy | PlayPadel1<\/title>\n<meta name=\"description\" content=\"Padelov\u00e9 pobyty a kempy ve \u0160pan\u011blsku. Fuengirola a Rinc\u00f3n de la Victoria. Tr\u00e9ninky, turnaje, fyzi\u010dka, videoanal\u00fdza. Rezervujte si term\u00edn.\" \/>\n<meta name=\"robots\" content=\"index, follow, max-snippet:-1, max-image-preview:large, max-video-preview:-1\" \/>\n<link rel=\"canonical\" href=\"https:\/\/www.playpadel1.com\/en\/soustredeni-zajezdy-a-padelove-pobyty-ve-spanelsku-kempy\/\" \/>\n<meta property=\"og:locale\" content=\"en_GB\" \/>\n<meta property=\"og:type\" content=\"article\" \/>\n<meta property=\"og:title\" content=\"Padelov\u00e9 pobyty ve \u0160pan\u011blsku \u2013 tr\u00e9ninky, kempy | PlayPadel1\" \/>\n<meta property=\"og:description\" content=\"Padelov\u00e9 pobyty a kempy ve \u0160pan\u011blsku. Fuengirola a Rinc\u00f3n de la Victoria. Tr\u00e9ninky, turnaje, fyzi\u010dka, videoanal\u00fdza. Rezervujte si term\u00edn.\" \/>\n<meta property=\"og:url\" content=\"https:\/\/www.playpadel1.com\/en\/soustredeni-zajezdy-a-padelove-pobyty-ve-spanelsku-kempy\/\" \/>\n<meta property=\"og:site_name\" content=\"PLAYPADEL1\" \/>\n<meta property=\"article:publisher\" content=\"https:\/\/www.facebook.com\/Playpadel1\/\" \/>\n<meta property=\"article:modified_time\" content=\"2026-02-07T12:38:37+00:00\" \/>\n<meta property=\"og:image\" content=\"https:\/\/www.playpadel1.com\/wp-content\/uploads\/2024\/11\/IMG-20240323-WA0017.jpg\" \/>\n\t<meta property=\"og:image:width\" content=\"2000\" \/>\n\t<meta property=\"og:image:height\" content=\"1500\" \/>\n\t<meta property=\"og:image:type\" content=\"image\/jpeg\" \/>\n<meta name=\"twitter:card\" content=\"summary_large_image\" \/>\n<meta name=\"twitter:label1\" content=\"Estimated reading time\" \/>\n\t<meta name=\"twitter:data1\" content=\"3 minutes\" \/>\n<script type=\"application\/ld+json\" class=\"yoast-schema-graph\">{\"@context\":\"https:\\\/\\\/schema.org\",\"@graph\":[{\"@type\":\"WebPage\",\"@id\":\"https:\\\/\\\/www.playpadel1.com\\\/soustredeni-zajezdy-a-padelove-pobyty-ve-spanelsku-kempy\\\/\",\"url\":\"https:\\\/\\\/www.playpadel1.com\\\/soustredeni-zajezdy-a-padelove-pobyty-ve-spanelsku-kempy\\\/\",\"name\":\"Padelov\u00e9 pobyty ve \u0160pan\u011blsku \u2013 tr\u00e9ninky, kempy | PlayPadel1\",\"isPartOf\":{\"@id\":\"https:\\\/\\\/www.playpadel1.com\\\/#website\"},\"primaryImageOfPage\":{\"@id\":\"https:\\\/\\\/www.playpadel1.com\\\/soustredeni-zajezdy-a-padelove-pobyty-ve-spanelsku-kempy\\\/#primaryimage\"},\"image\":{\"@id\":\"https:\\\/\\\/www.playpadel1.com\\\/soustredeni-zajezdy-a-padelove-pobyty-ve-spanelsku-kempy\\\/#primaryimage\"},\"thumbnailUrl\":\"https:\\\/\\\/www.playpadel1.com\\\/wp-content\\\/uploads\\\/2024\\\/11\\\/IMG-20240323-WA0017.jpg\",\"datePublished\":\"2026-01-04T17:48:09+00:00\",\"dateModified\":\"2026-02-07T12:38:37+00:00\",\"description\":\"Padelov\u00e9 pobyty a kempy ve \u0160pan\u011blsku. Fuengirola a Rinc\u00f3n de la Victoria. Tr\u00e9ninky, turnaje, fyzi\u010dka, videoanal\u00fdza. Rezervujte si term\u00edn.\",\"breadcrumb\":{\"@id\":\"https:\\\/\\\/www.playpadel1.com\\\/soustredeni-zajezdy-a-padelove-pobyty-ve-spanelsku-kempy\\\/#breadcrumb\"},\"inLanguage\":\"en-GB\",\"potentialAction\":[{\"@type\":\"ReadAction\",\"target\":[\"https:\\\/\\\/www.playpadel1.com\\\/soustredeni-zajezdy-a-padelove-pobyty-ve-spanelsku-kempy\\\/\"]}]},{\"@type\":\"ImageObject\",\"inLanguage\":\"en-GB\",\"@id\":\"https:\\\/\\\/www.playpadel1.com\\\/soustredeni-zajezdy-a-padelove-pobyty-ve-spanelsku-kempy\\\/#primaryimage\",\"url\":\"https:\\\/\\\/www.playpadel1.com\\\/wp-content\\\/uploads\\\/2024\\\/11\\\/IMG-20240323-WA0017.jpg\",\"contentUrl\":\"https:\\\/\\\/www.playpadel1.com\\\/wp-content\\\/uploads\\\/2024\\\/11\\\/IMG-20240323-WA0017.jpg\",\"width\":2000,\"height\":1500,\"caption\":\"padel kemp fuengirola\"},{\"@type\":\"BreadcrumbList\",\"@id\":\"https:\\\/\\\/www.playpadel1.com\\\/soustredeni-zajezdy-a-padelove-pobyty-ve-spanelsku-kempy\\\/#breadcrumb\",\"itemListElement\":[{\"@type\":\"ListItem\",\"position\":1,\"name\":\"Home\",\"item\":\"https:\\\/\\\/www.playpadel1.com\\\/\"},{\"@type\":\"ListItem\",\"position\":2,\"name\":\"Padelov\u00e9 pobyty ve \u0160pan\u011blsku\"}]},{\"@type\":\"WebSite\",\"@id\":\"https:\\\/\\\/www.playpadel1.com\\\/#website\",\"url\":\"https:\\\/\\\/www.playpadel1.com\\\/\",\"name\":\"PLAYPADEL1\",\"description\":\"Padelov\u00e1 Akademie, padel academy, padelov\u00e1 \u0161kola, escuela de padel, padel shule\",\"publisher\":{\"@id\":\"https:\\\/\\\/www.playpadel1.com\\\/#organization\"},\"potentialAction\":[{\"@type\":\"SearchAction\",\"target\":{\"@type\":\"EntryPoint\",\"urlTemplate\":\"https:\\\/\\\/www.playpadel1.com\\\/?s={search_term_string}\"},\"query-input\":{\"@type\":\"PropertyValueSpecification\",\"valueRequired\":true,\"valueName\":\"search_term_string\"}}],\"inLanguage\":\"en-GB\"},{\"@type\":\"Organization\",\"@id\":\"https:\\\/\\\/www.playpadel1.com\\\/#organization\",\"name\":\"PLAYPADEL1\",\"url\":\"https:\\\/\\\/www.playpadel1.com\\\/\",\"logo\":{\"@type\":\"ImageObject\",\"inLanguage\":\"en-GB\",\"@id\":\"https:\\\/\\\/www.playpadel1.com\\\/#\\\/schema\\\/logo\\\/image\\\/\",\"url\":\"https:\\\/\\\/www.playpadel1.com\\\/wp-content\\\/uploads\\\/2020\\\/02\\\/playpadel1-1-e1582124860101.png\",\"contentUrl\":\"https:\\\/\\\/www.playpadel1.com\\\/wp-content\\\/uploads\\\/2020\\\/02\\\/playpadel1-1-e1582124860101.png\",\"width\":320,\"height\":120,\"caption\":\"PLAYPADEL1\"},\"image\":{\"@id\":\"https:\\\/\\\/www.playpadel1.com\\\/#\\\/schema\\\/logo\\\/image\\\/\"},\"sameAs\":[\"https:\\\/\\\/www.facebook.com\\\/Playpadel1\\\/\",\"https:\\\/\\\/www.instagram.com\\\/playpadel1\\\/\"]}]}<\/script>\n<!-- \/ Yoast SEO plugin. -->","yoast_head_json":{"title":"Padelov\u00e9 pobyty ve \u0160pan\u011blsku \u2013 tr\u00e9ninky, kempy | PlayPadel1","description":"Padelov\u00e9 pobyty a kempy ve \u0160pan\u011blsku. Fuengirola a Rinc\u00f3n de la Victoria. Tr\u00e9ninky, turnaje, fyzi\u010dka, videoanal\u00fdza. Rezervujte si term\u00edn.","robots":{"index":"index","follow":"follow","max-snippet":"max-snippet:-1","max-image-preview":"max-image-preview:large","max-video-preview":"max-video-preview:-1"},"canonical":"https:\/\/www.playpadel1.com\/en\/soustredeni-zajezdy-a-padelove-pobyty-ve-spanelsku-kempy\/","og_locale":"en_GB","og_type":"article","og_title":"Padelov\u00e9 pobyty ve \u0160pan\u011blsku \u2013 tr\u00e9ninky, kempy | PlayPadel1","og_description":"Padelov\u00e9 pobyty a kempy ve \u0160pan\u011blsku. Fuengirola a Rinc\u00f3n de la Victoria. Tr\u00e9ninky, turnaje, fyzi\u010dka, videoanal\u00fdza. Rezervujte si term\u00edn.","og_url":"https:\/\/www.playpadel1.com\/en\/soustredeni-zajezdy-a-padelove-pobyty-ve-spanelsku-kempy\/","og_site_name":"PLAYPADEL1","article_publisher":"https:\/\/www.facebook.com\/Playpadel1\/","article_modified_time":"2026-02-07T12:38:37+00:00","og_image":[{"width":2000,"height":1500,"url":"https:\/\/www.playpadel1.com\/wp-content\/uploads\/2024\/11\/IMG-20240323-WA0017.jpg","type":"image\/jpeg"}],"twitter_card":"summary_large_image","twitter_misc":{"Estimated reading time":"3 minutes"},"schema":{"@context":"https:\/\/schema.org","@graph":[{"@type":"WebPage","@id":"https:\/\/www.playpadel1.com\/soustredeni-zajezdy-a-padelove-pobyty-ve-spanelsku-kempy\/","url":"https:\/\/www.playpadel1.com\/soustredeni-zajezdy-a-padelove-pobyty-ve-spanelsku-kempy\/","name":"Padelov\u00e9 pobyty ve \u0160pan\u011blsku \u2013 tr\u00e9ninky, kempy | PlayPadel1","isPartOf":{"@id":"https:\/\/www.playpadel1.com\/#website"},"primaryImageOfPage":{"@id":"https:\/\/www.playpadel1.com\/soustredeni-zajezdy-a-padelove-pobyty-ve-spanelsku-kempy\/#primaryimage"},"image":{"@id":"https:\/\/www.playpadel1.com\/soustredeni-zajezdy-a-padelove-pobyty-ve-spanelsku-kempy\/#primaryimage"},"thumbnailUrl":"https:\/\/www.playpadel1.com\/wp-content\/uploads\/2024\/11\/IMG-20240323-WA0017.jpg","datePublished":"2026-01-04T17:48:09+00:00","dateModified":"2026-02-07T12:38:37+00:00","description":"Padelov\u00e9 pobyty a kempy ve \u0160pan\u011blsku. Fuengirola a Rinc\u00f3n de la Victoria. Tr\u00e9ninky, turnaje, fyzi\u010dka, videoanal\u00fdza. Rezervujte si term\u00edn.","breadcrumb":{"@id":"https:\/\/www.playpadel1.com\/soustredeni-zajezdy-a-padelove-pobyty-ve-spanelsku-kempy\/#breadcrumb"},"inLanguage":"en-GB","potentialAction":[{"@type":"ReadAction","target":["https:\/\/www.playpadel1.com\/soustredeni-zajezdy-a-padelove-pobyty-ve-spanelsku-kempy\/"]}]},{"@type":"ImageObject","inLanguage":"en-GB","@id":"https:\/\/www.playpadel1.com\/soustredeni-zajezdy-a-padelove-pobyty-ve-spanelsku-kempy\/#primaryimage","url":"https:\/\/www.playpadel1.com\/wp-content\/uploads\/2024\/11\/IMG-20240323-WA0017.jpg","contentUrl":"https:\/\/www.playpadel1.com\/wp-content\/uploads\/2024\/11\/IMG-20240323-WA0017.jpg","width":2000,"height":1500,"caption":"padel kemp fuengirola"},{"@type":"BreadcrumbList","@id":"https:\/\/www.playpadel1.com\/soustredeni-zajezdy-a-padelove-pobyty-ve-spanelsku-kempy\/#breadcrumb","itemListElement":[{"@type":"ListItem","position":1,"name":"Home","item":"https:\/\/www.playpadel1.com\/"},{"@type":"ListItem","position":2,"name":"Padelov\u00e9 pobyty ve \u0160pan\u011blsku"}]},{"@type":"WebSite","@id":"https:\/\/www.playpadel1.com\/#website","url":"https:\/\/www.playpadel1.com\/","name":"PLAYPADEL1","description":"Padelov\u00e1 Akademie, padel academy, padelov\u00e1 \u0161kola, escuela de padel, padel shule","publisher":{"@id":"https:\/\/www.playpadel1.com\/#organization"},"potentialAction":[{"@type":"SearchAction","target":{"@type":"EntryPoint","urlTemplate":"https:\/\/www.playpadel1.com\/?s={search_term_string}"},"query-input":{"@type":"PropertyValueSpecification","valueRequired":true,"valueName":"search_term_string"}}],"inLanguage":"en-GB"},{"@type":"Organization","@id":"https:\/\/www.playpadel1.com\/#organization","name":"PLAYPADEL1","url":"https:\/\/www.playpadel1.com\/","logo":{"@type":"ImageObject","inLanguage":"en-GB","@id":"https:\/\/www.playpadel1.com\/#\/schema\/logo\/image\/","url":"https:\/\/www.playpadel1.com\/wp-content\/uploads\/2020\/02\/playpadel1-1-e1582124860101.png","contentUrl":"https:\/\/www.playpadel1.com\/wp-content\/uploads\/2020\/02\/playpadel1-1-e1582124860101.png","width":320,"height":120,"caption":"PLAYPADEL1"},"image":{"@id":"https:\/\/www.playpadel1.com\/#\/schema\/logo\/image\/"},"sameAs":["https:\/\/www.facebook.com\/Playpadel1\/","https:\/\/www.instagram.com\/playpadel1\/"]}]}},"_links":{"self":[{"href":"https:\/\/www.playpadel1.com\/en\/wp-json\/wp\/v2\/pages\/175","targetHints":{"allow":["GET"]}}],"collection":[{"href":"https:\/\/www.playpadel1.com\/en\/wp-json\/wp\/v2\/pages"}],"about":[{"href":"https:\/\/www.playpadel1.com\/en\/wp-json\/wp\/v2\/types\/page"}],"author":[{"embeddable":true,"href":"https:\/\/www.playpadel1.com\/en\/wp-json\/wp\/v2\/users\/3"}],"replies":[{"embeddable":true,"href":"https:\/\/www.playpadel1.com\/en\/wp-json\/wp\/v2\/comments?post=175"}],"version-history":[{"count":4,"href":"https:\/\/www.playpadel1.com\/en\/wp-json\/wp\/v2\/pages\/175\/revisions"}],"predecessor-version":[{"id":2007,"href":"https:\/\/www.playpadel1.com\/en\/wp-json\/wp\/v2\/pages\/175\/revisions\/2007"}],"wp:featuredmedia":[{"embeddable":true,"href":"https:\/\/www.playpadel1.com\/en\/wp-json\/wp\/v2\/media\/1672"}],"wp:attachment":[{"href":"https:\/\/www.playpadel1.com\/en\/wp-json\/wp\/v2\/media?parent=175"}],"curies":[{"name":"wp","href":"https:\/\/api.w.org\/{rel}","templated":true}]}}