{"id":164,"date":"2020-02-20T11:48:31","date_gmt":"2020-02-20T11:48:31","guid":{"rendered":"https:\/\/playpadel1.com\/\/?page_id=164"},"modified":"2026-03-22T11:55:29","modified_gmt":"2026-03-22T11:55:29","slug":"trenersky-kurz-padelu","status":"publish","type":"page","link":"https:\/\/www.playpadel1.com\/en\/trenersky-kurz-padelu\/","title":{"rendered":"\u0160kolen\u00ed tren\u00e9r\u016f"},"content":{"rendered":"<p>Komplexn\u00ed nab\u00eddka \u0161kolen\u00ed tren\u00e9r\u016f padelov\u00fdch kurz\u016f pro hr\u00e1\u010de v\u0161ech \u00farovn\u00ed i budouc\u00ed tren\u00e9ry. Tr\u00e9ninky prob\u00edhaj\u00ed v \u010cesk\u00e9 republice i ve \u0160pan\u011blsku pod veden\u00edm tren\u00e9ra s nejvy\u0161\u0161\u00ed \u0161pan\u011blskou licenc\u00ed <strong>FEP Nivel III<\/strong> a Head Coachem \u010desk\u00e9 padelov\u00e9 reprezentace. <\/p>\n\n\n\n<h2 class=\"wp-block-heading has-text-align-left\">\u0160kolen\u00ed tren\u00e9r\u016f (\u010cesk\u00e1 padelov\u00e1 federace)<\/h2>\n\n\n\n<p class=\"has-text-align-left\">Tren\u00e9rsk\u00e9 kurzy jsou ur\u010deny pro hr\u00e1\u010de a tren\u00e9ry, kte\u0159\u00ed cht\u011bj\u00ed z\u00edskat ofici\u00e1ln\u00ed kvalifikaci \u010cesk\u00e9 padelov\u00e9 federace. Kurzy prob\u00edhaj\u00ed pod veden\u00edm zku\u0161en\u00e9ho lektora s dlouholetou prax\u00ed ve \u0160pan\u011blsku.<\/p>\n\n\n\n<figure class=\"wp-block-image size-large\"><img loading=\"lazy\" decoding=\"async\" width=\"1024\" height=\"576\" src=\"https:\/\/www.playpadel1.com\/wp-content\/uploads\/2025\/12\/kurz-trener-padelu-tridy-C-2-1024x576.jpeg\" alt=\"\u0161kolen\u00ed tren\u00e9r\u016f padelu t\u0159\u00eddy C\" class=\"wp-image-1820\" srcset=\"https:\/\/www.playpadel1.com\/wp-content\/uploads\/2025\/12\/kurz-trener-padelu-tridy-C-2-1024x576.jpeg 1024w, https:\/\/www.playpadel1.com\/wp-content\/uploads\/2025\/12\/kurz-trener-padelu-tridy-C-2-300x169.jpeg 300w, https:\/\/www.playpadel1.com\/wp-content\/uploads\/2025\/12\/kurz-trener-padelu-tridy-C-2-768x432.jpeg 768w, https:\/\/www.playpadel1.com\/wp-content\/uploads\/2025\/12\/kurz-trener-padelu-tridy-C-2-1536x864.jpeg 1536w, https:\/\/www.playpadel1.com\/wp-content\/uploads\/2025\/12\/kurz-trener-padelu-tridy-C-2.jpeg 1718w\" sizes=\"auto, (max-width: 1024px) 100vw, 1024px\" \/><\/figure>\n\n\n\n<h2 class=\"wp-block-heading has-black-color has-text-color has-link-color wp-elements-a218996241b9e8d2314d9ceed5295bff\"><strong><a href=\"https:\/\/www.playpadel1.com\/en\/trener-padelu\/\">Tren\u00e9r padelu \u2013 Licence C (\u010cPF)<\/a><\/strong><\/h2>\n\n\n\n<p>Z\u00e1kladn\u00ed tren\u00e9rsk\u00e1 licence zam\u011b\u0159en\u00e1 na pr\u00e1ci s d\u011btmi, za\u010d\u00e1te\u010dn\u00edky a m\u00edrn\u011b pokro\u010dil\u00fdmi hr\u00e1\u010di. Kurz obsahuje teorii, praxi a z\u00e1v\u011bre\u010dnou zkou\u0161ku.<\/p>\n\n\n\n<div class=\"wp-block-buttons is-layout-flex wp-container-core-buttons-is-layout-6b4e3324 wp-block-buttons-is-layout-flex\">\n<div class=\"wp-block-button\"><a class=\"wp-block-button__link has-black-color has-vivid-cyan-blue-background-color has-text-color has-background has-link-color wp-element-button\" href=\"https:\/\/www.playpadel1.com\/en\/trener-padelu\/\" style=\"border-top-left-radius:0px;border-top-right-radius:0px;border-bottom-left-radius:0px;border-bottom-right-radius:0px\"><strong>V\u00edce o kurzu C a aktu\u00e1ln\u00ed term\u00edny<\/strong><\/a><\/div>\n<\/div>\n\n\n\n<h2 class=\"wp-block-heading\"><strong>Tren\u00e9r padelu \u2013 Licence B (\u010cPF)<\/strong><\/h2>\n\n\n\n<p>Pokro\u010dil\u00e1 tren\u00e9rsk\u00e1 licence ur\u010den\u00e1 pro tren\u00e9ry, kte\u0159\u00ed cht\u011bj\u00ed v\u00e9st tr\u00e9ninky samostatn\u011b, pracovat s pokro\u010dil\u00fdmi hr\u00e1\u010di a z\u00edskat \u017eivnostensk\u00e9 opr\u00e1vn\u011bn\u00ed.<\/p>\n\n\n\n<div class=\"wp-block-buttons is-layout-flex wp-block-buttons-is-layout-flex\">\n<div class=\"wp-block-button is-style-fill\"><a class=\"wp-block-button__link has-black-color has-vivid-cyan-blue-background-color has-text-color has-background has-link-color wp-element-button\" href=\"https:\/\/www.playpadel1.com\/en\/kurz-trener-padelu-licence-b\/\" style=\"border-top-left-radius:0px;border-top-right-radius:0px;border-bottom-left-radius:0px;border-bottom-right-radius:0px\"><strong>V\u00edce o kurzu B a aktu\u00e1ln\u00ed term\u00edny<\/strong><\/a><\/div>\n<\/div>\n\n\n\n<h2 class=\"wp-block-heading\"><strong>Padelov\u00e9 kurzy a tr\u00e9ninkov\u00e9 programy pro hr\u00e1\u010de<\/strong> a skupiny<\/h2>\n\n\n\n<h1 class=\"wp-block-heading\"><strong>Intenzivn\u00ed pobyty ve \u0160pan\u011blsku<\/strong><\/h1>\n\n\n\n<figure class=\"wp-block-image size-large is-resized\"><img loading=\"lazy\" decoding=\"async\" width=\"2048\" height=\"1152\" src=\"https:\/\/www.playpadel1.com\/wp-content\/uploads\/2025\/12\/padelkemp-rincon-O-edited.jpg\" alt=\"padel camp rinc\u00f3n de la victoria\" class=\"wp-image-1828\" style=\"width:729px;height:auto\" srcset=\"https:\/\/www.playpadel1.com\/wp-content\/uploads\/2025\/12\/padelkemp-rincon-O-edited.jpg 2048w, https:\/\/www.playpadel1.com\/wp-content\/uploads\/2025\/12\/padelkemp-rincon-O-edited-300x169.jpg 300w, https:\/\/www.playpadel1.com\/wp-content\/uploads\/2025\/12\/padelkemp-rincon-O-edited-1024x576.jpg 1024w, https:\/\/www.playpadel1.com\/wp-content\/uploads\/2025\/12\/padelkemp-rincon-O-edited-768x432.jpg 768w, https:\/\/www.playpadel1.com\/wp-content\/uploads\/2025\/12\/padelkemp-rincon-O-edited-1536x864.jpg 1536w\" sizes=\"auto, (max-width: 2048px) 100vw, 2048px\" \/><\/figure>\n\n\n\n<p>Tr\u00e9ninkov\u00e9 pobyty ve \u0160pan\u011blsku jsou nejefektivn\u011bj\u0161\u00ed formou zlep\u0161en\u00ed. Prob\u00edhaj\u00ed v Andalusii, v prost\u0159ed\u00ed \u0161pan\u011blsk\u00e9 padelov\u00e9 kultury, kde se hr\u00e1\u010di u\u010d\u00ed rychleji d\u00edky intenzit\u011b tr\u00e9ninku a kvalit\u011b sparing\u016f.<\/p>\n\n\n\n<p><strong>Co pobyt obsahuje:<\/strong><\/p>\n\n\n\n<p>Programy jsou rozd\u011blen\u00e9 podle \u00farovn\u011b hr\u00e1\u010d\u016f. Ka\u017ed\u00fd kurz m\u00e1 jasnou strukturu, metodiku a c\u00edle, aby byl progres co nejrychlej\u0161\u00ed a nejefektivn\u011bj\u0161\u00ed.<\/p>\n\n\n\n<ul class=\"wp-block-list\">\n<li>denn\u00ed tr\u00e9ninky podle \u00farovn\u011b,<\/li>\n\n\n\n<li>sparingy se \u0161pan\u011blsk\u00fdmi hr\u00e1\u010di,<\/li>\n\n\n\n<li>hern\u00ed anal\u00fdzu,<\/li>\n\n\n\n<li>volno\u010dasov\u00e9 aktivity,<\/li>\n\n\n\n<li>mo\u017enost v\u00fduky \u0161pan\u011bl\u0161tiny,<\/li>\n\n\n\n<li>organizaci na m\u00edru.<\/li>\n<\/ul>\n\n\n\n<div class=\"wp-block-buttons is-layout-flex wp-block-buttons-is-layout-flex\">\n<div class=\"wp-block-button\"><a class=\"wp-block-button__link has-white-color has-vivid-cyan-blue-background-color has-text-color has-background has-link-color wp-element-button\" href=\"https:\/\/www.playpadel1.com\/en\/soustredeni-zajezdy-a-padelove-pobyty-ve-spanelsku-kempy\/\" style=\"border-top-left-radius:21px;border-top-right-radius:21px;border-bottom-left-radius:21px;border-bottom-right-radius:21px\">V\u00edce o pobytech ve \u0160pan\u011blsku<\/a><\/div>\n<\/div>\n\n\n\n<h2 class=\"wp-block-heading\"><strong>Kurz z\u00e1klad\u016f padelu (\u00fapln\u00ed za\u010d\u00e1te\u010dn\u00edci)<\/strong><\/h2>\n\n\n\n<p>Ide\u00e1ln\u00ed pro hr\u00e1\u010de, kte\u0159\u00ed nikdy nehr\u00e1li nebo cht\u011bj\u00ed pochopit \u00fapln\u00e9 z\u00e1klady techniky a pravidel.<\/p>\n\n\n\n<div class=\"wp-block-buttons is-layout-flex wp-block-buttons-is-layout-flex\">\n<div class=\"wp-block-button is-style-fill\"><a class=\"wp-block-button__link has-vivid-cyan-blue-background-color has-background wp-element-button\">M\u00e1m z\u00e1jem<\/a><\/div>\n<\/div>\n\n\n\n<h2 class=\"wp-block-heading\"><strong>Kurz pro za\u010d\u00e1te\u010dn\u00edky \u2192 m\u00edrn\u011b pokro\u010dil\u00e9<\/strong><\/h2>\n\n\n\n<p>Pro hr\u00e1\u010de, kte\u0159\u00ed u\u017e hr\u00e1li, ale cht\u011bj\u00ed zlep\u0161it techniku, pr\u00e1ci se st\u011bnami a z\u00e1kladn\u00ed taktiku.<\/p>\n\n\n\n<h2 class=\"wp-block-heading\"><strong>Lektor kurz\u016f<\/strong> a hlavn\u00ed tren\u00e9r Playpadel1<\/h2>\n\n\n\n<h3 class=\"wp-block-heading\"><strong>Mgr. Marek \u0160vejnoha<\/strong><\/h3>\n\n\n\n<ul class=\"wp-block-list\">\n<li>FEP Nivel III \u2013 nejvy\u0161\u0161\u00ed tren\u00e9rsk\u00e1 licence ve \u0160pan\u011blsku<\/li>\n\n\n\n<li>15+ let praxe v Andalusii<\/li>\n\n\n\n<li>Kapit\u00e1n a dlouhodob\u00fd hr\u00e1\u010d \u010desk\u00e9 reprezentace<\/li>\n\n\n\n<li>Zakladatel Playpadel1 Academy<\/li>\n<\/ul>\n\n\n\n<p><strong>Pokud hled\u00e1te kvalitn\u00ed tren\u00e9rsk\u00fd kurz padelu, kter\u00fd v\u00e1m d\u00e1 pevn\u00e9 z\u00e1klady, profesion\u00e1ln\u00ed metodiku a ofici\u00e1ln\u00ed tren\u00e9rskou licenci, jste na spr\u00e1vn\u00e9m m\u00edst\u011b. Na\u0161e \u0161kolen\u00ed tren\u00e9r\u016f padelu vych\u00e1z\u00ed ze \u0161pan\u011blsk\u00e9ho syst\u00e9mu FEP a kombinuje teorii, praxi, techniku, taktiku i veden\u00ed tr\u00e9ninkov\u00fdch jednotek. Kurz je vhodn\u00fd pro hr\u00e1\u010de, tren\u00e9ry i sportovn\u00ed kluby, kter\u00e9 cht\u011bj\u00ed posunout svou \u00farove\u0148 a z\u00edskat uzn\u00e1vanou kvalifikaci.<\/strong><\/p>\n\n\n\n<p><strong>\ud83d\udc49 Chcete se p\u0159ihl\u00e1sit na tren\u00e9rsk\u00fd kurz padelu nebo z\u00edskat v\u00edce informac\u00ed? Napi\u0161te n\u00e1m.<\/strong><\/p>\n\n\n\n<p><\/p>\n\n\n\n<hr class=\"wp-block-separator has-css-opacity is-style-wide\"\/>\n\n\n\n<div class=\"wp-block-media-text alignwide\" style=\"grid-template-columns:21% auto\"><figure class=\"wp-block-media-text__media\"><img loading=\"lazy\" decoding=\"async\" width=\"1024\" height=\"827\" src=\"https:\/\/playpadel1.com\/wp-content\/uploads\/2020\/02\/IMG-20190409-WA0017.jpg\" alt=\"autor\" class=\"wp-image-150 size-full\" srcset=\"https:\/\/www.playpadel1.com\/wp-content\/uploads\/2020\/02\/IMG-20190409-WA0017.jpg 1024w, https:\/\/www.playpadel1.com\/wp-content\/uploads\/2020\/02\/IMG-20190409-WA0017-300x242.jpg 300w, https:\/\/www.playpadel1.com\/wp-content\/uploads\/2020\/02\/IMG-20190409-WA0017-768x620.jpg 768w, https:\/\/www.playpadel1.com\/wp-content\/uploads\/2020\/02\/IMG-20190409-WA0017-600x485.jpg 600w\" sizes=\"auto, (max-width: 1024px) 100vw, 1024px\" \/><\/figure><div class=\"wp-block-media-text__content\">\n<p style=\"font-size:14px\">Website operator - Mgr. Marek \u0160vejnoha <\/p>\n\n\n\n<p class=\"has-small-font-size\">He graduated from the Faculty of Education, UJEP, majoring in Physical Education + Geography. Entrenador Nacional Nivel III - Padel Coach III highest coaching license in Spain (Spanish Padel Federation). For the twelfth year he has been running a padel school in the south of Spain (Rincon de La Victoria). Captain of the Czech padel team. Entrenador Nacional de Tenis Nivel I - Tennis Coach I (Spanish Tennis Federation)<\/p>\n<\/div><\/div>\n\n\n\n<p><\/p>","protected":false},"excerpt":{"rendered":"Komplexn\u00ed nab\u00eddka \u0161kolen\u00ed tren\u00e9r\u016f padelov\u00fdch kurz\u016f pro hr\u00e1\u010de v\u0161ech \u00farovn\u00ed i budouc\u00ed tren\u00e9ry. Tr\u00e9ninky prob\u00edhaj\u00ed v \u010cesk\u00e9 republice i ve \u0160pan\u011blsku pod veden\u00edm \n<a class=\"moretag\" href=\"https:\/\/www.playpadel1.com\/en\/trenersky-kurz-padelu\/\"> <\/a>","protected":false},"author":2,"featured_media":1224,"parent":0,"menu_order":0,"comment_status":"open","ping_status":"closed","template":"","meta":{"footnotes":""},"class_list":["post-164","page","type-page","status-publish","has-post-thumbnail","hentry"],"yoast_head":"<!-- This site is optimized with the Yoast SEO plugin v27.4 - https:\/\/yoast.com\/product\/yoast-seo-wordpress\/ -->\n<title>\u0160kolen\u00ed tren\u00e9r\u016f - PLAYPADEL1<\/title>\n<meta name=\"description\" content=\"\u0160kolen\u00ed tren\u00e9r\u016f a tren\u00e9rsk\u00e9 kurzy. Padelov\u00e1 \u0161kola. Tren\u00e9rsk\u00e1 licence padelu. Padelov\u00e9 kurzy. Tren\u00e9rsk\u00e1 licence C a B. \u010cesk\u00e1 padelov\u00e1 federace\" \/>\n<meta name=\"robots\" content=\"index, follow, max-snippet:-1, max-image-preview:large, max-video-preview:-1\" \/>\n<link rel=\"canonical\" href=\"https:\/\/www.playpadel1.com\/en\/trenersky-kurz-padelu\/\" \/>\n<meta property=\"og:locale\" content=\"en_GB\" \/>\n<meta property=\"og:type\" content=\"article\" \/>\n<meta property=\"og:title\" content=\"\u0160kolen\u00ed tren\u00e9r\u016f - PLAYPADEL1\" \/>\n<meta property=\"og:description\" content=\"\u0160kolen\u00ed tren\u00e9r\u016f a tren\u00e9rsk\u00e9 kurzy. Padelov\u00e1 \u0161kola. Tren\u00e9rsk\u00e1 licence padelu. Padelov\u00e9 kurzy. Tren\u00e9rsk\u00e1 licence C a B. \u010cesk\u00e1 padelov\u00e1 federace\" \/>\n<meta property=\"og:url\" content=\"https:\/\/www.playpadel1.com\/en\/trenersky-kurz-padelu\/\" \/>\n<meta property=\"og:site_name\" content=\"PLAYPADEL1\" \/>\n<meta property=\"article:publisher\" content=\"https:\/\/www.facebook.com\/Playpadel1\/\" \/>\n<meta property=\"article:modified_time\" content=\"2026-03-22T11:55:29+00:00\" \/>\n<meta property=\"og:image\" content=\"https:\/\/www.playpadel1.com\/wp-content\/uploads\/2022\/09\/skoleni-treneru-2022-8.jpg\" \/>\n\t<meta property=\"og:image:width\" content=\"1600\" \/>\n\t<meta property=\"og:image:height\" content=\"738\" \/>\n\t<meta property=\"og:image:type\" content=\"image\/jpeg\" \/>\n<meta name=\"twitter:card\" content=\"summary_large_image\" \/>\n<meta name=\"twitter:label1\" content=\"Estimated reading time\" \/>\n\t<meta name=\"twitter:data1\" content=\"5 minutes\" \/>\n<script type=\"application\/ld+json\" class=\"yoast-schema-graph\">{\"@context\":\"https:\\\/\\\/schema.org\",\"@graph\":[{\"@type\":\"WebPage\",\"@id\":\"https:\\\/\\\/www.playpadel1.com\\\/trenersky-kurz-padelu\\\/\",\"url\":\"https:\\\/\\\/www.playpadel1.com\\\/trenersky-kurz-padelu\\\/\",\"name\":\"\u0160kolen\u00ed tren\u00e9r\u016f - PLAYPADEL1\",\"isPartOf\":{\"@id\":\"https:\\\/\\\/www.playpadel1.com\\\/#website\"},\"primaryImageOfPage\":{\"@id\":\"https:\\\/\\\/www.playpadel1.com\\\/trenersky-kurz-padelu\\\/#primaryimage\"},\"image\":{\"@id\":\"https:\\\/\\\/www.playpadel1.com\\\/trenersky-kurz-padelu\\\/#primaryimage\"},\"thumbnailUrl\":\"https:\\\/\\\/www.playpadel1.com\\\/wp-content\\\/uploads\\\/2022\\\/09\\\/skoleni-treneru-2022-8.jpg\",\"datePublished\":\"2020-02-20T11:48:31+00:00\",\"dateModified\":\"2026-03-22T11:55:29+00:00\",\"description\":\"\u0160kolen\u00ed tren\u00e9r\u016f a tren\u00e9rsk\u00e9 kurzy. Padelov\u00e1 \u0161kola. Tren\u00e9rsk\u00e1 licence padelu. Padelov\u00e9 kurzy. Tren\u00e9rsk\u00e1 licence C a B. \u010cesk\u00e1 padelov\u00e1 federace\",\"breadcrumb\":{\"@id\":\"https:\\\/\\\/www.playpadel1.com\\\/trenersky-kurz-padelu\\\/#breadcrumb\"},\"inLanguage\":\"en-GB\",\"potentialAction\":[{\"@type\":\"ReadAction\",\"target\":[\"https:\\\/\\\/www.playpadel1.com\\\/trenersky-kurz-padelu\\\/\"]}]},{\"@type\":\"ImageObject\",\"inLanguage\":\"en-GB\",\"@id\":\"https:\\\/\\\/www.playpadel1.com\\\/trenersky-kurz-padelu\\\/#primaryimage\",\"url\":\"https:\\\/\\\/www.playpadel1.com\\\/wp-content\\\/uploads\\\/2022\\\/09\\\/skoleni-treneru-2022-8.jpg\",\"contentUrl\":\"https:\\\/\\\/www.playpadel1.com\\\/wp-content\\\/uploads\\\/2022\\\/09\\\/skoleni-treneru-2022-8.jpg\",\"width\":1600,\"height\":738,\"caption\":\"\u0161kolen\u00ed padelov\u00fdch tren\u00e9r\u016f licence t\u0159\u00eddy C\"},{\"@type\":\"BreadcrumbList\",\"@id\":\"https:\\\/\\\/www.playpadel1.com\\\/trenersky-kurz-padelu\\\/#breadcrumb\",\"itemListElement\":[{\"@type\":\"ListItem\",\"position\":1,\"name\":\"Home\",\"item\":\"https:\\\/\\\/www.playpadel1.com\\\/\"},{\"@type\":\"ListItem\",\"position\":2,\"name\":\"\u0160kolen\u00ed tren\u00e9r\u016f\"}]},{\"@type\":\"WebSite\",\"@id\":\"https:\\\/\\\/www.playpadel1.com\\\/#website\",\"url\":\"https:\\\/\\\/www.playpadel1.com\\\/\",\"name\":\"PLAYPADEL1\",\"description\":\"Padelov\u00e1 Akademie, padel academy, padelov\u00e1 \u0161kola, escuela de padel, padel shule\",\"publisher\":{\"@id\":\"https:\\\/\\\/www.playpadel1.com\\\/#organization\"},\"potentialAction\":[{\"@type\":\"SearchAction\",\"target\":{\"@type\":\"EntryPoint\",\"urlTemplate\":\"https:\\\/\\\/www.playpadel1.com\\\/?s={search_term_string}\"},\"query-input\":{\"@type\":\"PropertyValueSpecification\",\"valueRequired\":true,\"valueName\":\"search_term_string\"}}],\"inLanguage\":\"en-GB\"},{\"@type\":\"Organization\",\"@id\":\"https:\\\/\\\/www.playpadel1.com\\\/#organization\",\"name\":\"PLAYPADEL1\",\"url\":\"https:\\\/\\\/www.playpadel1.com\\\/\",\"logo\":{\"@type\":\"ImageObject\",\"inLanguage\":\"en-GB\",\"@id\":\"https:\\\/\\\/www.playpadel1.com\\\/#\\\/schema\\\/logo\\\/image\\\/\",\"url\":\"https:\\\/\\\/www.playpadel1.com\\\/wp-content\\\/uploads\\\/2020\\\/02\\\/playpadel1-1-e1582124860101.png\",\"contentUrl\":\"https:\\\/\\\/www.playpadel1.com\\\/wp-content\\\/uploads\\\/2020\\\/02\\\/playpadel1-1-e1582124860101.png\",\"width\":320,\"height\":120,\"caption\":\"PLAYPADEL1\"},\"image\":{\"@id\":\"https:\\\/\\\/www.playpadel1.com\\\/#\\\/schema\\\/logo\\\/image\\\/\"},\"sameAs\":[\"https:\\\/\\\/www.facebook.com\\\/Playpadel1\\\/\",\"https:\\\/\\\/www.instagram.com\\\/playpadel1\\\/\"]}]}<\/script>\n<!-- \/ Yoast SEO plugin. -->","yoast_head_json":{"title":"\u0160kolen\u00ed tren\u00e9r\u016f - PLAYPADEL1","description":"\u0160kolen\u00ed tren\u00e9r\u016f a tren\u00e9rsk\u00e9 kurzy. Padelov\u00e1 \u0161kola. Tren\u00e9rsk\u00e1 licence padelu. Padelov\u00e9 kurzy. Tren\u00e9rsk\u00e1 licence C a B. \u010cesk\u00e1 padelov\u00e1 federace","robots":{"index":"index","follow":"follow","max-snippet":"max-snippet:-1","max-image-preview":"max-image-preview:large","max-video-preview":"max-video-preview:-1"},"canonical":"https:\/\/www.playpadel1.com\/en\/trenersky-kurz-padelu\/","og_locale":"en_GB","og_type":"article","og_title":"\u0160kolen\u00ed tren\u00e9r\u016f - PLAYPADEL1","og_description":"\u0160kolen\u00ed tren\u00e9r\u016f a tren\u00e9rsk\u00e9 kurzy. Padelov\u00e1 \u0161kola. Tren\u00e9rsk\u00e1 licence padelu. Padelov\u00e9 kurzy. Tren\u00e9rsk\u00e1 licence C a B. \u010cesk\u00e1 padelov\u00e1 federace","og_url":"https:\/\/www.playpadel1.com\/en\/trenersky-kurz-padelu\/","og_site_name":"PLAYPADEL1","article_publisher":"https:\/\/www.facebook.com\/Playpadel1\/","article_modified_time":"2026-03-22T11:55:29+00:00","og_image":[{"width":1600,"height":738,"url":"https:\/\/www.playpadel1.com\/wp-content\/uploads\/2022\/09\/skoleni-treneru-2022-8.jpg","type":"image\/jpeg"}],"twitter_card":"summary_large_image","twitter_misc":{"Estimated reading time":"5 minutes"},"schema":{"@context":"https:\/\/schema.org","@graph":[{"@type":"WebPage","@id":"https:\/\/www.playpadel1.com\/trenersky-kurz-padelu\/","url":"https:\/\/www.playpadel1.com\/trenersky-kurz-padelu\/","name":"\u0160kolen\u00ed tren\u00e9r\u016f - PLAYPADEL1","isPartOf":{"@id":"https:\/\/www.playpadel1.com\/#website"},"primaryImageOfPage":{"@id":"https:\/\/www.playpadel1.com\/trenersky-kurz-padelu\/#primaryimage"},"image":{"@id":"https:\/\/www.playpadel1.com\/trenersky-kurz-padelu\/#primaryimage"},"thumbnailUrl":"https:\/\/www.playpadel1.com\/wp-content\/uploads\/2022\/09\/skoleni-treneru-2022-8.jpg","datePublished":"2020-02-20T11:48:31+00:00","dateModified":"2026-03-22T11:55:29+00:00","description":"\u0160kolen\u00ed tren\u00e9r\u016f a tren\u00e9rsk\u00e9 kurzy. Padelov\u00e1 \u0161kola. Tren\u00e9rsk\u00e1 licence padelu. Padelov\u00e9 kurzy. Tren\u00e9rsk\u00e1 licence C a B. \u010cesk\u00e1 padelov\u00e1 federace","breadcrumb":{"@id":"https:\/\/www.playpadel1.com\/trenersky-kurz-padelu\/#breadcrumb"},"inLanguage":"en-GB","potentialAction":[{"@type":"ReadAction","target":["https:\/\/www.playpadel1.com\/trenersky-kurz-padelu\/"]}]},{"@type":"ImageObject","inLanguage":"en-GB","@id":"https:\/\/www.playpadel1.com\/trenersky-kurz-padelu\/#primaryimage","url":"https:\/\/www.playpadel1.com\/wp-content\/uploads\/2022\/09\/skoleni-treneru-2022-8.jpg","contentUrl":"https:\/\/www.playpadel1.com\/wp-content\/uploads\/2022\/09\/skoleni-treneru-2022-8.jpg","width":1600,"height":738,"caption":"\u0161kolen\u00ed padelov\u00fdch tren\u00e9r\u016f licence t\u0159\u00eddy C"},{"@type":"BreadcrumbList","@id":"https:\/\/www.playpadel1.com\/trenersky-kurz-padelu\/#breadcrumb","itemListElement":[{"@type":"ListItem","position":1,"name":"Home","item":"https:\/\/www.playpadel1.com\/"},{"@type":"ListItem","position":2,"name":"\u0160kolen\u00ed tren\u00e9r\u016f"}]},{"@type":"WebSite","@id":"https:\/\/www.playpadel1.com\/#website","url":"https:\/\/www.playpadel1.com\/","name":"PLAYPADEL1","description":"Padelov\u00e1 Akademie, padel academy, padelov\u00e1 \u0161kola, escuela de padel, padel shule","publisher":{"@id":"https:\/\/www.playpadel1.com\/#organization"},"potentialAction":[{"@type":"SearchAction","target":{"@type":"EntryPoint","urlTemplate":"https:\/\/www.playpadel1.com\/?s={search_term_string}"},"query-input":{"@type":"PropertyValueSpecification","valueRequired":true,"valueName":"search_term_string"}}],"inLanguage":"en-GB"},{"@type":"Organization","@id":"https:\/\/www.playpadel1.com\/#organization","name":"PLAYPADEL1","url":"https:\/\/www.playpadel1.com\/","logo":{"@type":"ImageObject","inLanguage":"en-GB","@id":"https:\/\/www.playpadel1.com\/#\/schema\/logo\/image\/","url":"https:\/\/www.playpadel1.com\/wp-content\/uploads\/2020\/02\/playpadel1-1-e1582124860101.png","contentUrl":"https:\/\/www.playpadel1.com\/wp-content\/uploads\/2020\/02\/playpadel1-1-e1582124860101.png","width":320,"height":120,"caption":"PLAYPADEL1"},"image":{"@id":"https:\/\/www.playpadel1.com\/#\/schema\/logo\/image\/"},"sameAs":["https:\/\/www.facebook.com\/Playpadel1\/","https:\/\/www.instagram.com\/playpadel1\/"]}]}},"_links":{"self":[{"href":"https:\/\/www.playpadel1.com\/en\/wp-json\/wp\/v2\/pages\/164","targetHints":{"allow":["GET"]}}],"collection":[{"href":"https:\/\/www.playpadel1.com\/en\/wp-json\/wp\/v2\/pages"}],"about":[{"href":"https:\/\/www.playpadel1.com\/en\/wp-json\/wp\/v2\/types\/page"}],"author":[{"embeddable":true,"href":"https:\/\/www.playpadel1.com\/en\/wp-json\/wp\/v2\/users\/2"}],"replies":[{"embeddable":true,"href":"https:\/\/www.playpadel1.com\/en\/wp-json\/wp\/v2\/comments?post=164"}],"version-history":[{"count":4,"href":"https:\/\/www.playpadel1.com\/en\/wp-json\/wp\/v2\/pages\/164\/revisions"}],"predecessor-version":[{"id":2029,"href":"https:\/\/www.playpadel1.com\/en\/wp-json\/wp\/v2\/pages\/164\/revisions\/2029"}],"wp:featuredmedia":[{"embeddable":true,"href":"https:\/\/www.playpadel1.com\/en\/wp-json\/wp\/v2\/media\/1224"}],"wp:attachment":[{"href":"https:\/\/www.playpadel1.com\/en\/wp-json\/wp\/v2\/media?parent=164"}],"curies":[{"name":"wp","href":"https:\/\/api.w.org\/{rel}","templated":true}]}}